{"id":4205,"date":"2020-05-07T08:30:52","date_gmt":"2020-05-07T06:30:52","guid":{"rendered":"https:\/\/joyoountu.org\/maintenant\/"},"modified":"2025-05-02T09:24:41","modified_gmt":"2025-05-02T07:24:41","slug":"maintenant","status":"publish","type":"page","link":"https:\/\/joyoountu.org\/fr\/maintenant\/","title":{"rendered":"Maintenant"},"content":{"rendered":"\t\t<div data-elementor-type=\"wp-page\" data-elementor-id=\"4205\" class=\"elementor elementor-4205 elementor-1411\" data-elementor-settings=\"[]\">\n\t\t\t<div class=\"elementor-inner\">\n\t\t\t\t<div class=\"elementor-section-wrap\">\n\t\t\t\t\t\t\t<section data-particle_enable=\"false\" class=\"elementor-element elementor-element-6a80170 elementor-section-stretched elementor-section-height-min-height elementor-section-boxed elementor-section-height-default elementor-section-items-middle elementor-section elementor-top-section\" data-id=\"6a80170\" data-element_type=\"section\" data-settings=\"{&quot;background_background&quot;:&quot;classic&quot;,&quot;stretch_section&quot;:&quot;section-stretched&quot;,&quot;shape_divider_bottom&quot;:&quot;opacity-fan&quot;}\">\n\t\t\t\t\t\t\t<div class=\"elementor-background-overlay\"><\/div>\n\t\t\t\t\t\t<div class=\"elementor-shape elementor-shape-bottom\" data-negative=\"false\">\n\t\t\t<svg xmlns=\"http:\/\/www.w3.org\/2000\/svg\" viewBox=\"0 0 283.5 19.6\" preserveAspectRatio=\"none\">\n\t<path class=\"elementor-shape-fill\" style=\"opacity:0.33\" d=\"M0 0L0 18.8 141.8 4.1 283.5 18.8 283.5 0z\"\/>\n\t<path class=\"elementor-shape-fill\" style=\"opacity:0.33\" d=\"M0 0L0 12.6 141.8 4 283.5 12.6 283.5 0z\"\/>\n\t<path class=\"elementor-shape-fill\" style=\"opacity:0.33\" d=\"M0 0L0 6.4 141.8 4 283.5 6.4 283.5 0z\"\/>\n\t<path class=\"elementor-shape-fill\" d=\"M0 0L0 1.2 141.8 4 283.5 1.2 283.5 0z\"\/>\n<\/svg>\t\t<\/div>\n\t\t\t\t\t<div class=\"elementor-container elementor-column-gap-no\">\n\t\t\t\t<div class=\"elementor-row\">\n\t\t\t\t<div class=\"elementor-element elementor-element-bb0c7f0 elementor-hidden-phone elementor-column elementor-col-50 elementor-top-column\" data-id=\"bb0c7f0\" data-element_type=\"column\" data-settings=\"{&quot;background_background&quot;:&quot;classic&quot;}\">\n\t\t\t<div class=\"elementor-column-wrap  elementor-element-populated\">\n\t\t\t\t\t\t\t<div class=\"elementor-background-overlay\"><\/div>\n\t\t\t\t\t<div class=\"elementor-widget-wrap\">\n\t\t\t\t<div class=\"elementor-element elementor-element-1759c7d elementor-widget elementor-widget-spacer\" data-id=\"1759c7d\" data-element_type=\"widget\" data-widget_type=\"spacer.default\">\n\t\t\t\t<div class=\"elementor-widget-container\">\n\t\t\t\t\t<div class=\"elementor-spacer\">\n\t\t\t<div class=\"elementor-spacer-inner\"><\/div>\n\t\t<\/div>\n\t\t\t\t<\/div>\n\t\t\t\t<\/div>\n\t\t\t\t\t\t<\/div>\n\t\t\t<\/div>\n\t\t<\/div>\n\t\t\t\t<div class=\"elementor-element elementor-element-7e6dcc2 elementor-column elementor-col-50 elementor-top-column\" data-id=\"7e6dcc2\" data-element_type=\"column\" data-settings=\"{&quot;background_background&quot;:&quot;classic&quot;}\">\n\t\t\t<div class=\"elementor-column-wrap  elementor-element-populated\">\n\t\t\t\t\t\t\t<div class=\"elementor-background-overlay\"><\/div>\n\t\t\t\t\t<div class=\"elementor-widget-wrap\">\n\t\t\t\t<div class=\"elementor-element elementor-element-dda85dd elementor-widget elementor-widget-spacer\" data-id=\"dda85dd\" data-element_type=\"widget\" data-widget_type=\"spacer.default\">\n\t\t\t\t<div class=\"elementor-widget-container\">\n\t\t\t\t\t<div class=\"elementor-spacer\">\n\t\t\t<div class=\"elementor-spacer-inner\"><\/div>\n\t\t<\/div>\n\t\t\t\t<\/div>\n\t\t\t\t<\/div>\n\t\t\t\t\t\t<\/div>\n\t\t\t<\/div>\n\t\t<\/div>\n\t\t\t\t\t\t<\/div>\n\t\t\t<\/div>\n\t\t<\/section>\n\t\t\t\t<section data-particle_enable=\"false\" class=\"elementor-element elementor-element-6733497 elementor-section-boxed elementor-section-height-default elementor-section-height-default elementor-section elementor-top-section\" data-id=\"6733497\" data-element_type=\"section\">\n\t\t\t\t\t\t<div class=\"elementor-container elementor-column-gap-default\">\n\t\t\t\t<div class=\"elementor-row\">\n\t\t\t\t<div class=\"elementor-element elementor-element-a6c4453 elementor-hidden-phone elementor-column elementor-col-33 elementor-top-column\" data-id=\"a6c4453\" data-element_type=\"column\" data-settings=\"{&quot;background_background&quot;:&quot;classic&quot;}\">\n\t\t\t<div class=\"elementor-column-wrap  elementor-element-populated\">\n\t\t\t\t\t<div class=\"elementor-widget-wrap\">\n\t\t\t\t<div class=\"elementor-element elementor-element-e3797e6 elementor-widget elementor-widget-spacer\" data-id=\"e3797e6\" data-element_type=\"widget\" data-widget_type=\"spacer.default\">\n\t\t\t\t<div class=\"elementor-widget-container\">\n\t\t\t\t\t<div class=\"elementor-spacer\">\n\t\t\t<div class=\"elementor-spacer-inner\"><\/div>\n\t\t<\/div>\n\t\t\t\t<\/div>\n\t\t\t\t<\/div>\n\t\t\t\t\t\t<\/div>\n\t\t\t<\/div>\n\t\t<\/div>\n\t\t\t\t<div class=\"elementor-element elementor-element-c79cda8 elementor-column elementor-col-33 elementor-top-column\" data-id=\"c79cda8\" data-element_type=\"column\" data-settings=\"{&quot;background_background&quot;:&quot;classic&quot;}\">\n\t\t\t<div class=\"elementor-column-wrap  elementor-element-populated\">\n\t\t\t\t\t<div class=\"elementor-widget-wrap\">\n\t\t\t\t<div class=\"elementor-element elementor-element-b15f2ae elementor-widget elementor-widget-global elementor-global-1192 elementor-widget-spacer\" data-id=\"b15f2ae\" data-element_type=\"widget\" data-widget_type=\"spacer.default\">\n\t\t\t\t<div class=\"elementor-widget-container\">\n\t\t\t\t\t<div class=\"elementor-spacer\">\n\t\t\t<div class=\"elementor-spacer-inner\"><\/div>\n\t\t<\/div>\n\t\t\t\t<\/div>\n\t\t\t\t<\/div>\n\t\t\t\t<div class=\"elementor-element elementor-element-543beac elementor-hidden-desktop elementor-hidden-tablet elementor-hidden-phone elementor-widget elementor-widget-heading\" data-id=\"543beac\" data-element_type=\"widget\" data-widget_type=\"heading.default\">\n\t\t\t\t<div class=\"elementor-widget-container\">\n\t\t\t<span class=\"elementor-heading-title elementor-size-xl\">Maintenant !<\/span>\t\t<\/div>\n\t\t\t\t<\/div>\n\t\t\t\t<div class=\"elementor-element elementor-element-3c0dd26 elementor-widget elementor-widget-heading\" data-id=\"3c0dd26\" data-element_type=\"widget\" data-widget_type=\"heading.default\">\n\t\t\t\t<div class=\"elementor-widget-container\">\n\t\t\t<span class=\"elementor-heading-title elementor-size-xl\"><p dir=\"ltr\" style=\"line-height: 1.2; margin-top: 0pt; margin-bottom: 8pt;\"><\/p>Maintenant! Agissons ensemble<\/span>\t\t<\/div>\n\t\t\t\t<\/div>\n\t\t\t\t<div class=\"elementor-element elementor-element-9d692c9 elementor-widget elementor-widget-text-editor\" data-id=\"9d692c9\" data-element_type=\"widget\" data-widget_type=\"text-editor.default\">\n\t\t\t\t<div class=\"elementor-widget-container\">\n\t\t\t\t\t<div class=\"elementor-text-editor elementor-clearfix\"><p>Le monde ne manque pas d\u2019id\u00e9es \u2014 il manque de partenariats qui fonctionnent vraiment pour celles et ceux qui changent d\u00e9j\u00e0 les choses.<br \/><br \/>Si vous croyez en :<\/p><ul><li>l\u2019\u00e9coute profonde et la collaboration fond\u00e9e sur la confiance,<\/li><li>le transfert du pouvoir de d\u00e9cision aux communaut\u00e9s,<\/li><li>la cr\u00e9ation d\u2019un impact durable et syst\u00e9mique,<\/li><li>et l\u2019invention d\u2019une nouvelle mani\u00e8re de financer et de coop\u00e9rer\u2026<\/li><\/ul><p>\u2026 alors rejoignez joy\u221euntu.<br \/><br \/>Que vous soyez une communaut\u00e9, un\u00b7e bailleur\u00b7euse, un\u00b7e activiste, un\u00b7e facilitateur\u00b7ice, un\u00b7e partenaire d\u2019id\u00e9es ou un\u00b7e volontaire \u2014 joy\u221euntu a envie de collaborer avec vous.<br \/><br \/>Nous d\u00e9veloppons actuellement des activit\u00e9s dans plusieurs pays et r\u00e9gions (Inde, Am\u00e9rique centrale, Afrique de l\u2019Ouest, et au-del\u00e0), en travaillant avec des \u00e9cosyst\u00e8mes autour de l\u2019agro\u00e9cologie, de la souverainet\u00e9 alimentaire, du leadership des jeunes, et bien plus encore.<\/p><\/div>\n\t\t\t\t<\/div>\n\t\t\t\t<\/div>\n\t\t\t\t<div class=\"elementor-element elementor-element-07ae5b6 elementor-widget elementor-widget-text-editor\" data-id=\"07ae5b6\" data-element_type=\"widget\" data-widget_type=\"text-editor.default\">\n\t\t\t\t<div class=\"elementor-widget-container\">\n\t\t\t\t\t<div class=\"elementor-text-editor elementor-clearfix\"><p style=\"text-align: center;\"><strong>Engageons la conversation.<\/strong><br \/><strong>Changeons ensemble la mani\u00e8re dont le changement advient.<\/strong><br \/><strong>Construisons un avenir joyeux et connect\u00e9 \u2014 ensemble.<\/strong><\/p><\/div>\n\t\t\t\t<\/div>\n\t\t\t\t<\/div>\n\t\t\t\t<div class=\"elementor-element elementor-element-d8b68bb elementor-widget elementor-widget-global elementor-global-1189 elementor-widget-image\" data-id=\"d8b68bb\" data-element_type=\"widget\" data-widget_type=\"image.default\">\n\t\t\t\t<div class=\"elementor-widget-container\">\n\t\t\t\t\t<div class=\"elementor-image\">\n\t\t\t\t\t\t\t\t\t\t<img decoding=\"async\" width=\"1014\" height=\"8\" src=\"https:\/\/joyoountu.org\/wp-content\/uploads\/2020\/03\/trenner.png\" class=\"attachment-full size-full\" alt=\"\" srcset=\"https:\/\/joyoountu.org\/wp-content\/uploads\/2020\/03\/trenner.png 1014w, https:\/\/joyoountu.org\/wp-content\/uploads\/2020\/03\/trenner-600x5.png 600w, https:\/\/joyoountu.org\/wp-content\/uploads\/2020\/03\/trenner-300x2.png 300w, https:\/\/joyoountu.org\/wp-content\/uploads\/2020\/03\/trenner-768x6.png 768w, https:\/\/joyoountu.org\/wp-content\/uploads\/2020\/03\/trenner-930x8.png 930w\" sizes=\"(max-width: 1014px) 100vw, 1014px\" \/>\t\t\t\t\t\t\t\t\t\t\t<\/div>\n\t\t\t\t<\/div>\n\t\t\t\t<\/div>\n\t\t\t\t<div class=\"elementor-element elementor-element-7ea9a67 elementor-widget elementor-widget-image\" data-id=\"7ea9a67\" data-element_type=\"widget\" data-widget_type=\"image.default\">\n\t\t\t\t<div class=\"elementor-widget-container\">\n\t\t\t\t\t<div class=\"elementor-image\">\n\t\t\t\t\t\t\t\t\t\t<img decoding=\"async\" width=\"1280\" height=\"467\" src=\"https:\/\/joyoountu.org\/wp-content\/uploads\/2024\/10\/India_Chrissi_9362-e1728653152704.jpg\" class=\"attachment-full size-full\" alt=\"\" srcset=\"https:\/\/joyoountu.org\/wp-content\/uploads\/2024\/10\/India_Chrissi_9362-e1728653152704.jpg 1280w, https:\/\/joyoountu.org\/wp-content\/uploads\/2024\/10\/India_Chrissi_9362-e1728653152704-300x109.jpg 300w, https:\/\/joyoountu.org\/wp-content\/uploads\/2024\/10\/India_Chrissi_9362-e1728653152704-1024x374.jpg 1024w, https:\/\/joyoountu.org\/wp-content\/uploads\/2024\/10\/India_Chrissi_9362-e1728653152704-768x280.jpg 768w\" sizes=\"(max-width: 1280px) 100vw, 1280px\" \/>\t\t\t\t\t\t\t\t\t\t\t<\/div>\n\t\t\t\t<\/div>\n\t\t\t\t<\/div>\n\t\t\t\t<div class=\"elementor-element elementor-element-bb57383 elementor-widget elementor-widget-global elementor-global-1189 elementor-widget-image\" data-id=\"bb57383\" data-element_type=\"widget\" data-widget_type=\"image.default\">\n\t\t\t\t<div class=\"elementor-widget-container\">\n\t\t\t\t\t<div class=\"elementor-image\">\n\t\t\t\t\t\t\t\t\t\t<img decoding=\"async\" width=\"1014\" height=\"8\" src=\"https:\/\/joyoountu.org\/wp-content\/uploads\/2020\/03\/trenner.png\" class=\"attachment-full size-full\" alt=\"\" srcset=\"https:\/\/joyoountu.org\/wp-content\/uploads\/2020\/03\/trenner.png 1014w, https:\/\/joyoountu.org\/wp-content\/uploads\/2020\/03\/trenner-600x5.png 600w, https:\/\/joyoountu.org\/wp-content\/uploads\/2020\/03\/trenner-300x2.png 300w, https:\/\/joyoountu.org\/wp-content\/uploads\/2020\/03\/trenner-768x6.png 768w, https:\/\/joyoountu.org\/wp-content\/uploads\/2020\/03\/trenner-930x8.png 930w\" sizes=\"(max-width: 1014px) 100vw, 1014px\" \/>\t\t\t\t\t\t\t\t\t\t\t<\/div>\n\t\t\t\t<\/div>\n\t\t\t\t<\/div>\n\t\t\t\t<div class=\"elementor-element elementor-element-679d02f elementor-widget elementor-widget-text-editor\" data-id=\"679d02f\" data-element_type=\"widget\" data-widget_type=\"text-editor.default\">\n\t\t\t\t<div class=\"elementor-widget-container\">\n\t\t\t\t\t<div class=\"elementor-text-editor elementor-clearfix\"><p><b>Ce qui se passe en ce moment : Rejoignez un \u00e9cosyst\u00e8me local<\/b><br>Nous collaborons d\u00e9j\u00e0 avec plusieurs \u00e9cosyst\u00e8mes engag\u00e9s dans le changement syst\u00e9mique dans trois r\u00e9gions du monde. Si vous vivez dans l\u2019une de ces r\u00e9gions \u2014 ou si vous y \u00eates connect\u00e9\u00b7e d\u2019une mani\u00e8re ou d\u2019une autre \u2014 nous serions ravi\u00b7es d\u2019entrer en contact avec vous :<br><br><\/p>\n<p><b>Nord du Togo &amp; B\u00e9nin : Paix, r\u00e9silience et agro\u00e9cologie<\/b><br>En partenariat avec notre alli\u00e9 Saka Mora, nous travaillons avec un \u00e9cosyst\u00e8me centr\u00e9 sur la jeunesse dans le nord du Togo et du B\u00e9nin. Ancr\u00e9 dans des initiatives locales pour la paix, ce projet vise \u00e0 cr\u00e9er des alternatives dignes \u00e0 la migration, en soutenant l\u2019agro\u00e9cologie, les coop\u00e9ratives et la r\u00e9int\u00e9gration communautaire. Ensemble, nous tissons un r\u00e9seau d\u2019activistes et d\u2019initiatives locales afin de pr\u00e9parer le terrain pour nos premi\u00e8res activations d\u2019\u00e9cosyst\u00e8mes. Si vous \u00eates bas\u00e9\u00b7e au Togo ou au B\u00e9nin et souhaitez soutenir ou rejoindre ce mouvement, contactez-nous\u202f!<\/p>\n<p><b>Guatemala &amp; Salvador : La jeunesse construit son avenir<\/b><br>En collaboration avec SERES, nous \u0153uvrons dans deux municipalit\u00e9s \u00e0 la cr\u00e9ation d\u2019\u00e9cosyst\u00e8mes qui relient les jeunes leaders \u00e0 leurs communaut\u00e9s pour faire \u00e9merger et amplifier des initiatives port\u00e9es par la jeunesse. Cet \u00e9cosyst\u00e8me, dirig\u00e9 par les jeunes, se concentre sur l\u2019activation collective de l\u2019\u00e9cosyst\u00e8me, le financement participatif et l\u2019apprentissage transfrontalier. Si vous travaillez \u00e0 la transformation communautaire en Am\u00e9rique centrale \u2014 ou si vous souhaitez \u00e9tablir des liens au-del\u00e0 des fronti\u00e8res \u2014 venez \u00e9changer avec nous et rejoindre cet \u00e9cosyst\u00e8me.<\/p>\n<p><b>Odisha, Inde : Histoire villageoise &amp; transformation des syst\u00e8mes alimentaires<\/b><br>En partenariat avec Samadhwani and WASSAN, nous travaillons avec l\u2019Initiative Histoire des Villages et la transformation des syst\u00e8mes alimentaires. De jeunes autochtones y documentent les savoirs ancestraux afin de fa\u00e7onner les syst\u00e8mes alimentaires et la gouvernance locale de demain. Ce mouvement grandissant est enracin\u00e9 dans la r\u00e9activation des savoirs locaux, la pens\u00e9e syst\u00e9mique et le changement port\u00e9 par la jeunesse. Si vous \u00eates en Odisha et souhaitez travailler autour de l\u2019agro\u00e9cologie men\u00e9e par les jeunes, la documentation participative des savoirs ou la valorisation des connaissances ancestrales \u2014 rejoignez la conversation.<\/p><\/div>\n\t\t\t\t<\/div>\n\t\t\t\t<\/div>\n\t\t\t\t<div class=\"elementor-element elementor-element-bfbc278 elementor-widget elementor-widget-spacer\" data-id=\"bfbc278\" data-element_type=\"widget\" data-widget_type=\"spacer.default\">\n\t\t\t\t<div class=\"elementor-widget-container\">\n\t\t\t\t\t<div class=\"elementor-spacer\">\n\t\t\t<div class=\"elementor-spacer-inner\"><\/div>\n\t\t<\/div>\n\t\t\t\t<\/div>\n\t\t\t\t<\/div>\n\t\t\t\t\t\t<\/div>\n\t\t\t<\/div>\n\t\t<\/div>\n\t\t\t\t<div class=\"elementor-element elementor-element-d75f1c6 elementor-hidden-phone elementor-column elementor-col-33 elementor-top-column\" data-id=\"d75f1c6\" data-element_type=\"column\" data-settings=\"{&quot;background_background&quot;:&quot;classic&quot;}\">\n\t\t\t<div class=\"elementor-column-wrap  elementor-element-populated\">\n\t\t\t\t\t<div class=\"elementor-widget-wrap\">\n\t\t\t\t<div class=\"elementor-element elementor-element-4da9ec1 elementor-widget elementor-widget-spacer\" data-id=\"4da9ec1\" data-element_type=\"widget\" data-widget_type=\"spacer.default\">\n\t\t\t\t<div class=\"elementor-widget-container\">\n\t\t\t\t\t<div class=\"elementor-spacer\">\n\t\t\t<div class=\"elementor-spacer-inner\"><\/div>\n\t\t<\/div>\n\t\t\t\t<\/div>\n\t\t\t\t<\/div>\n\t\t\t\t\t\t<\/div>\n\t\t\t<\/div>\n\t\t<\/div>\n\t\t\t\t\t\t<\/div>\n\t\t\t<\/div>\n\t\t<\/section>\n\t\t\t\t\t\t<\/div>\n\t\t\t<\/div>\n\t\t<\/div>\n\t\t","protected":false},"excerpt":{"rendered":"<p>Maintenant ! Maintenant! Agissons ensemble Le monde ne manque pas d\u2019id\u00e9es \u2014 il manque de partenariats qui fonctionnent vraiment pour celles et ceux qui changent d\u00e9j\u00e0 les choses. Si vous croyez en : l\u2019\u00e9coute profonde et la collaboration fond\u00e9e sur la confiance, le transfert du pouvoir de d\u00e9cision aux communaut\u00e9s, la cr\u00e9ation d\u2019un impact durable&hellip;&nbsp;<a href=\"https:\/\/joyoountu.org\/fr\/maintenant\/\" rel=\"bookmark\">Lire la suite &raquo;<span class=\"screen-reader-text\">Maintenant<\/span><\/a><\/p>\n","protected":false},"author":1,"featured_media":0,"parent":0,"menu_order":0,"comment_status":"closed","ping_status":"closed","template":"page-templates\/template-pagebuilder-full-width.php","meta":{"neve_meta_sidebar":"","neve_meta_container":"","neve_meta_enable_content_width":"off","neve_meta_content_width":0,"neve_meta_title_alignment":"","neve_meta_author_avatar":"","neve_post_elements_order":"","neve_meta_disable_header":"","neve_meta_disable_footer":"","neve_meta_disable_title":"","footnotes":""},"class_list":["post-4205","page","type-page","status-publish","hentry"],"_links":{"self":[{"href":"https:\/\/joyoountu.org\/fr\/wp-json\/wp\/v2\/pages\/4205","targetHints":{"allow":["GET"]}}],"collection":[{"href":"https:\/\/joyoountu.org\/fr\/wp-json\/wp\/v2\/pages"}],"about":[{"href":"https:\/\/joyoountu.org\/fr\/wp-json\/wp\/v2\/types\/page"}],"author":[{"embeddable":true,"href":"https:\/\/joyoountu.org\/fr\/wp-json\/wp\/v2\/users\/1"}],"replies":[{"embeddable":true,"href":"https:\/\/joyoountu.org\/fr\/wp-json\/wp\/v2\/comments?post=4205"}],"version-history":[{"count":5,"href":"https:\/\/joyoountu.org\/fr\/wp-json\/wp\/v2\/pages\/4205\/revisions"}],"predecessor-version":[{"id":4477,"href":"https:\/\/joyoountu.org\/fr\/wp-json\/wp\/v2\/pages\/4205\/revisions\/4477"}],"wp:attachment":[{"href":"https:\/\/joyoountu.org\/fr\/wp-json\/wp\/v2\/media?parent=4205"}],"curies":[{"name":"wp","href":"https:\/\/api.w.org\/{rel}","templated":true}]}}