{"id":4199,"date":"2020-03-30T22:18:35","date_gmt":"2020-03-30T20:18:35","guid":{"rendered":"https:\/\/joyoountu.org\/pourquoi\/"},"modified":"2025-05-02T09:24:52","modified_gmt":"2025-05-02T07:24:52","slug":"pourquoi","status":"publish","type":"page","link":"https:\/\/joyoountu.org\/fr\/pourquoi\/","title":{"rendered":"Pourquoi"},"content":{"rendered":"\t\t<div data-elementor-type=\"wp-page\" data-elementor-id=\"4199\" class=\"elementor elementor-4199 elementor-670\" data-elementor-settings=\"[]\">\n\t\t\t<div class=\"elementor-inner\">\n\t\t\t\t<div class=\"elementor-section-wrap\">\n\t\t\t\t\t\t\t<section data-particle_enable=\"false\" class=\"elementor-element elementor-element-6a80170 elementor-section-stretched elementor-section-height-min-height elementor-section-boxed elementor-section-height-default elementor-section-items-middle elementor-section elementor-top-section\" data-id=\"6a80170\" data-element_type=\"section\" data-settings=\"{&quot;background_background&quot;:&quot;slideshow&quot;,&quot;stretch_section&quot;:&quot;section-stretched&quot;,&quot;background_slideshow_gallery&quot;:[{&quot;id&quot;:3026,&quot;url&quot;:&quot;https:\\\/\\\/joyoountu.org\\\/wp-content\\\/uploads\\\/2024\\\/10\\\/08_Why_cut.jpg&quot;},{&quot;id&quot;:3024,&quot;url&quot;:&quot;https:\\\/\\\/joyoountu.org\\\/wp-content\\\/uploads\\\/2024\\\/10\\\/07_Now_cut.jpg&quot;},{&quot;id&quot;:3022,&quot;url&quot;:&quot;https:\\\/\\\/joyoountu.org\\\/wp-content\\\/uploads\\\/2024\\\/10\\\/03_Who_cut.jpg&quot;},{&quot;id&quot;:3020,&quot;url&quot;:&quot;https:\\\/\\\/joyoountu.org\\\/wp-content\\\/uploads\\\/2024\\\/10\\\/14_How_cut.jpg&quot;},{&quot;id&quot;:3018,&quot;url&quot;:&quot;https:\\\/\\\/joyoountu.org\\\/wp-content\\\/uploads\\\/2024\\\/10\\\/10_What_cut.jpg&quot;}],&quot;shape_divider_bottom&quot;:&quot;opacity-fan&quot;,&quot;background_slideshow_loop&quot;:&quot;yes&quot;,&quot;background_slideshow_slide_duration&quot;:5000,&quot;background_slideshow_slide_transition&quot;:&quot;fade&quot;,&quot;background_slideshow_transition_duration&quot;:500}\">\n\t\t\t\t\t\t\t<div class=\"elementor-background-overlay\"><\/div>\n\t\t\t\t\t\t<div class=\"elementor-shape elementor-shape-bottom\" data-negative=\"false\">\n\t\t\t<svg xmlns=\"http:\/\/www.w3.org\/2000\/svg\" viewBox=\"0 0 283.5 19.6\" preserveAspectRatio=\"none\">\n\t<path class=\"elementor-shape-fill\" style=\"opacity:0.33\" d=\"M0 0L0 18.8 141.8 4.1 283.5 18.8 283.5 0z\"\/>\n\t<path class=\"elementor-shape-fill\" style=\"opacity:0.33\" d=\"M0 0L0 12.6 141.8 4 283.5 12.6 283.5 0z\"\/>\n\t<path class=\"elementor-shape-fill\" style=\"opacity:0.33\" d=\"M0 0L0 6.4 141.8 4 283.5 6.4 283.5 0z\"\/>\n\t<path class=\"elementor-shape-fill\" d=\"M0 0L0 1.2 141.8 4 283.5 1.2 283.5 0z\"\/>\n<\/svg>\t\t<\/div>\n\t\t\t\t\t<div class=\"elementor-container elementor-column-gap-no\">\n\t\t\t\t<div class=\"elementor-row\">\n\t\t\t\t<div class=\"elementor-element elementor-element-bb0c7f0 elementor-hidden-phone elementor-column elementor-col-50 elementor-top-column\" data-id=\"bb0c7f0\" data-element_type=\"column\" data-settings=\"{&quot;background_background&quot;:&quot;classic&quot;}\">\n\t\t\t<div class=\"elementor-column-wrap  elementor-element-populated\">\n\t\t\t\t\t\t\t<div class=\"elementor-background-overlay\"><\/div>\n\t\t\t\t\t<div class=\"elementor-widget-wrap\">\n\t\t\t\t<div class=\"elementor-element elementor-element-1759c7d elementor-widget elementor-widget-spacer\" data-id=\"1759c7d\" data-element_type=\"widget\" data-widget_type=\"spacer.default\">\n\t\t\t\t<div class=\"elementor-widget-container\">\n\t\t\t\t\t<div class=\"elementor-spacer\">\n\t\t\t<div class=\"elementor-spacer-inner\"><\/div>\n\t\t<\/div>\n\t\t\t\t<\/div>\n\t\t\t\t<\/div>\n\t\t\t\t\t\t<\/div>\n\t\t\t<\/div>\n\t\t<\/div>\n\t\t\t\t<div class=\"elementor-element elementor-element-7e6dcc2 elementor-column elementor-col-50 elementor-top-column\" data-id=\"7e6dcc2\" data-element_type=\"column\" data-settings=\"{&quot;background_background&quot;:&quot;classic&quot;}\">\n\t\t\t<div class=\"elementor-column-wrap  elementor-element-populated\">\n\t\t\t\t\t\t\t<div class=\"elementor-background-overlay\"><\/div>\n\t\t\t\t\t<div class=\"elementor-widget-wrap\">\n\t\t\t\t<div class=\"elementor-element elementor-element-dda85dd elementor-widget elementor-widget-spacer\" data-id=\"dda85dd\" data-element_type=\"widget\" data-widget_type=\"spacer.default\">\n\t\t\t\t<div class=\"elementor-widget-container\">\n\t\t\t\t\t<div class=\"elementor-spacer\">\n\t\t\t<div class=\"elementor-spacer-inner\"><\/div>\n\t\t<\/div>\n\t\t\t\t<\/div>\n\t\t\t\t<\/div>\n\t\t\t\t\t\t<\/div>\n\t\t\t<\/div>\n\t\t<\/div>\n\t\t\t\t\t\t<\/div>\n\t\t\t<\/div>\n\t\t<\/section>\n\t\t\t\t<section data-particle_enable=\"false\" class=\"elementor-element elementor-element-6733497 elementor-section-boxed elementor-section-height-default elementor-section-height-default elementor-section elementor-top-section\" data-id=\"6733497\" data-element_type=\"section\">\n\t\t\t\t\t\t\t<div class=\"elementor-background-overlay\"><\/div>\n\t\t\t\t\t\t\t<div class=\"elementor-container elementor-column-gap-default\">\n\t\t\t\t<div class=\"elementor-row\">\n\t\t\t\t<div class=\"elementor-element elementor-element-a6c4453 elementor-hidden-phone elementor-column elementor-col-33 elementor-top-column\" data-id=\"a6c4453\" data-element_type=\"column\" data-settings=\"{&quot;background_background&quot;:&quot;classic&quot;}\">\n\t\t\t<div class=\"elementor-column-wrap  elementor-element-populated\">\n\t\t\t\t\t<div class=\"elementor-widget-wrap\">\n\t\t\t\t<div class=\"elementor-element elementor-element-e3797e6 elementor-widget elementor-widget-spacer\" data-id=\"e3797e6\" data-element_type=\"widget\" data-widget_type=\"spacer.default\">\n\t\t\t\t<div class=\"elementor-widget-container\">\n\t\t\t\t\t<div class=\"elementor-spacer\">\n\t\t\t<div class=\"elementor-spacer-inner\"><\/div>\n\t\t<\/div>\n\t\t\t\t<\/div>\n\t\t\t\t<\/div>\n\t\t\t\t\t\t<\/div>\n\t\t\t<\/div>\n\t\t<\/div>\n\t\t\t\t<div class=\"elementor-element elementor-element-c79cda8 elementor-column elementor-col-33 elementor-top-column\" data-id=\"c79cda8\" data-element_type=\"column\" data-settings=\"{&quot;background_background&quot;:&quot;classic&quot;}\">\n\t\t\t<div class=\"elementor-column-wrap  elementor-element-populated\">\n\t\t\t\t\t<div class=\"elementor-widget-wrap\">\n\t\t\t\t<div class=\"elementor-element elementor-element-b15f2ae elementor-widget elementor-widget-global elementor-global-1192 elementor-widget-spacer\" data-id=\"b15f2ae\" data-element_type=\"widget\" data-widget_type=\"spacer.default\">\n\t\t\t\t<div class=\"elementor-widget-container\">\n\t\t\t\t\t<div class=\"elementor-spacer\">\n\t\t\t<div class=\"elementor-spacer-inner\"><\/div>\n\t\t<\/div>\n\t\t\t\t<\/div>\n\t\t\t\t<\/div>\n\t\t\t\t<div class=\"elementor-element elementor-element-0be6971 elementor-hidden-desktop elementor-hidden-tablet elementor-hidden-phone elementor-widget elementor-widget-heading\" data-id=\"0be6971\" data-element_type=\"widget\" data-widget_type=\"heading.default\">\n\t\t\t\t<div class=\"elementor-widget-container\">\n\t\t\t<span class=\"elementor-heading-title elementor-size-xl\">Pourquoi ?  <\/span>\t\t<\/div>\n\t\t\t\t<\/div>\n\t\t\t\t<div class=\"elementor-element elementor-element-a1b003b elementor-widget elementor-widget-heading\" data-id=\"a1b003b\" data-element_type=\"widget\" data-widget_type=\"heading.default\">\n\t\t\t\t<div class=\"elementor-widget-container\">\n\t\t\t<span class=\"elementor-heading-title elementor-size-xl\">Pourquoi faut-il changer le syst\u00e8me ?<\/span>\t\t<\/div>\n\t\t\t\t<\/div>\n\t\t\t\t<div class=\"elementor-element elementor-element-08d6145 elementor-widget elementor-widget-text-editor\" data-id=\"08d6145\" data-element_type=\"widget\" data-widget_type=\"text-editor.default\">\n\t\t\t\t<div class=\"elementor-widget-container\">\n\t\t\t\t\t<div class=\"elementor-text-editor elementor-clearfix\"><p style=\"text-align: justify;\"><strong>Les syst\u00e8mes de financement actuels \u00e9chouent bien souvent \u00e0 soutenir r\u00e9ellement les communaut\u00e9s qu\u2019ils pr\u00e9tendent servir.<\/strong><\/p><\/div>\n\t\t\t\t<\/div>\n\t\t\t\t<\/div>\n\t\t\t\t<div class=\"elementor-element elementor-element-d8b68bb elementor-widget elementor-widget-global elementor-global-1189 elementor-widget-image\" data-id=\"d8b68bb\" data-element_type=\"widget\" data-widget_type=\"image.default\">\n\t\t\t\t<div class=\"elementor-widget-container\">\n\t\t\t\t\t<div class=\"elementor-image\">\n\t\t\t\t\t\t\t\t\t\t<img decoding=\"async\" width=\"1014\" height=\"8\" src=\"https:\/\/joyoountu.org\/wp-content\/uploads\/2020\/03\/trenner.png\" class=\"attachment-full size-full\" alt=\"\" srcset=\"https:\/\/joyoountu.org\/wp-content\/uploads\/2020\/03\/trenner.png 1014w, https:\/\/joyoountu.org\/wp-content\/uploads\/2020\/03\/trenner-600x5.png 600w, https:\/\/joyoountu.org\/wp-content\/uploads\/2020\/03\/trenner-300x2.png 300w, https:\/\/joyoountu.org\/wp-content\/uploads\/2020\/03\/trenner-768x6.png 768w, https:\/\/joyoountu.org\/wp-content\/uploads\/2020\/03\/trenner-930x8.png 930w\" sizes=\"(max-width: 1014px) 100vw, 1014px\" \/>\t\t\t\t\t\t\t\t\t\t\t<\/div>\n\t\t\t\t<\/div>\n\t\t\t\t<\/div>\n\t\t\t\t<div class=\"elementor-element elementor-element-d5eadf0 elementor-aspect-ratio-169 elementor-widget elementor-widget-video\" data-id=\"d5eadf0\" data-element_type=\"widget\" data-settings=\"{&quot;aspect_ratio&quot;:&quot;169&quot;}\" data-widget_type=\"video.default\">\n\t\t\t\t<div class=\"elementor-widget-container\">\n\t\t\t\t\t<div class=\"elementor-wrapper elementor-fit-aspect-ratio elementor-open-inline\">\n\t\t\t<iframe class=\"elementor-video-iframe\" allowfullscreen title=\"Lecteur vid\u00e9o youtube\" src=\"https:\/\/www.youtube.com\/embed\/Ud-sWTZAY_I?feature=oembed&amp;start&amp;end&amp;wmode=opaque&amp;loop=0&amp;controls=0&amp;mute=0&amp;rel=0&amp;modestbranding=0\"><\/iframe>\t\t<\/div>\n\t\t\t\t<\/div>\n\t\t\t\t<\/div>\n\t\t\t\t<div class=\"elementor-element elementor-element-bb57383 elementor-widget elementor-widget-global elementor-global-1189 elementor-widget-image\" data-id=\"bb57383\" data-element_type=\"widget\" data-widget_type=\"image.default\">\n\t\t\t\t<div class=\"elementor-widget-container\">\n\t\t\t\t\t<div class=\"elementor-image\">\n\t\t\t\t\t\t\t\t\t\t<img decoding=\"async\" width=\"1014\" height=\"8\" src=\"https:\/\/joyoountu.org\/wp-content\/uploads\/2020\/03\/trenner.png\" class=\"attachment-full size-full\" alt=\"\" srcset=\"https:\/\/joyoountu.org\/wp-content\/uploads\/2020\/03\/trenner.png 1014w, https:\/\/joyoountu.org\/wp-content\/uploads\/2020\/03\/trenner-600x5.png 600w, https:\/\/joyoountu.org\/wp-content\/uploads\/2020\/03\/trenner-300x2.png 300w, https:\/\/joyoountu.org\/wp-content\/uploads\/2020\/03\/trenner-768x6.png 768w, https:\/\/joyoountu.org\/wp-content\/uploads\/2020\/03\/trenner-930x8.png 930w\" sizes=\"(max-width: 1014px) 100vw, 1014px\" \/>\t\t\t\t\t\t\t\t\t\t\t<\/div>\n\t\t\t\t<\/div>\n\t\t\t\t<\/div>\n\t\t\t\t<div class=\"elementor-element elementor-element-05a3e3a elementor-widget elementor-widget-text-editor\" data-id=\"05a3e3a\" data-element_type=\"widget\" data-widget_type=\"text-editor.default\">\n\t\t\t\t<div class=\"elementor-widget-container\">\n\t\t\t\t\t<div class=\"elementor-text-editor elementor-clearfix\"><p><b>Les syst\u00e8mes de financement actuels \u00e9chouent bien souvent \u00e0 soutenir r\u00e9ellement les communaut\u00e9s qu\u2019ils pr\u00e9tendent servir.<\/b> Les organisations locales et les activistes se heurtent \u00e0 de nombreux obstacles qui les emp\u00eachent d\u2019acc\u00e9der aux ressources \u2014 m\u00eame lorsqu\u2019ils et elles contribuent d\u00e9j\u00e0 au changement sur le terrain. Des cadres de conformit\u00e9 rigides, des agendas dict\u00e9s par les bailleur\u00b7euses et des d\u00e9s\u00e9quilibres de pouvoir continuent de dominer la coop\u00e9ration internationale au d\u00e9veloppement.<br \/><br \/>De leur c\u00f4t\u00e9, de nombreux bailleur\u00b7euses souhaitent sinc\u00e8rement partager le pouvoir \u2014 mais se retrouvent confront\u00e9\u00b7es \u00e0 plusieurs limites\u202f:<\/p><ul><li>des cadres juridiques et fiscaux qui restreignent le financement direct,<\/li><li>un manque de visibilit\u00e9 sur les initiatives port\u00e9es par les communaut\u00e9s,<\/li><li>des processus bureaucratiques qui excluent les acteur\u00b7ices informel\u00b7les ou \u00e9mergent\u00b7es.<\/li><\/ul><p><br \/>Dans le m\u00eame temps, l\u2019humanit\u00e9 manque de temps. La complexit\u00e9 des d\u00e9fis actuels \u2014 changement climatique, \u00e9v\u00e9nements m\u00e9t\u00e9orologiques extr\u00eames, injustices sociales, syst\u00e8mes alimentaires d\u00e9faillants \u2014 exige une approche de changement syst\u00e9mique : une approche qui s\u2019attaque aux causes profondes, transforme les relations de pouvoir et renouvelle les r\u00e9cits sous-jacents.<br \/><br \/>joy\u221euntu existe pour cr\u00e9er les conditions de ce changement : lever les barri\u00e8res entre les bailleur\u00b7euses et les communaut\u00e9s, et permettre un changement syst\u00e9mique durable port\u00e9 localement.<\/p><\/div>\n\t\t\t\t<\/div>\n\t\t\t\t<\/div>\n\t\t\t\t<div class=\"elementor-element elementor-element-64c0270 elementor-widget elementor-widget-global elementor-global-1219 elementor-widget-spacer\" data-id=\"64c0270\" data-element_type=\"widget\" data-widget_type=\"spacer.default\">\n\t\t\t\t<div class=\"elementor-widget-container\">\n\t\t\t\t\t<div class=\"elementor-spacer\">\n\t\t\t<div class=\"elementor-spacer-inner\"><\/div>\n\t\t<\/div>\n\t\t\t\t<\/div>\n\t\t\t\t<\/div>\n\t\t\t\t\t\t<\/div>\n\t\t\t<\/div>\n\t\t<\/div>\n\t\t\t\t<div class=\"elementor-element elementor-element-d75f1c6 elementor-hidden-phone elementor-column elementor-col-33 elementor-top-column\" data-id=\"d75f1c6\" data-element_type=\"column\" data-settings=\"{&quot;background_background&quot;:&quot;classic&quot;}\">\n\t\t\t<div class=\"elementor-column-wrap  elementor-element-populated\">\n\t\t\t\t\t<div class=\"elementor-widget-wrap\">\n\t\t\t\t<div class=\"elementor-element elementor-element-4da9ec1 elementor-widget elementor-widget-spacer\" data-id=\"4da9ec1\" data-element_type=\"widget\" data-widget_type=\"spacer.default\">\n\t\t\t\t<div class=\"elementor-widget-container\">\n\t\t\t\t\t<div class=\"elementor-spacer\">\n\t\t\t<div class=\"elementor-spacer-inner\"><\/div>\n\t\t<\/div>\n\t\t\t\t<\/div>\n\t\t\t\t<\/div>\n\t\t\t\t\t\t<\/div>\n\t\t\t<\/div>\n\t\t<\/div>\n\t\t\t\t\t\t<\/div>\n\t\t\t<\/div>\n\t\t<\/section>\n\t\t\t\t\t\t<\/div>\n\t\t\t<\/div>\n\t\t<\/div>\n\t\t","protected":false},"excerpt":{"rendered":"<p>Pourquoi ? Pourquoi faut-il changer le syst\u00e8me ? Les syst\u00e8mes de financement actuels \u00e9chouent bien souvent \u00e0 soutenir r\u00e9ellement les communaut\u00e9s qu\u2019ils pr\u00e9tendent servir. Les syst\u00e8mes de financement actuels \u00e9chouent bien souvent \u00e0 soutenir r\u00e9ellement les communaut\u00e9s qu\u2019ils pr\u00e9tendent servir. Les organisations locales et les activistes se heurtent \u00e0 de nombreux obstacles qui les emp\u00eachent&hellip;&nbsp;<a href=\"https:\/\/joyoountu.org\/fr\/pourquoi\/\" rel=\"bookmark\">Lire la suite &raquo;<span class=\"screen-reader-text\">Pourquoi<\/span><\/a><\/p>\n","protected":false},"author":1,"featured_media":0,"parent":0,"menu_order":0,"comment_status":"closed","ping_status":"closed","template":"page-templates\/template-pagebuilder-full-width.php","meta":{"neve_meta_sidebar":"","neve_meta_container":"","neve_meta_enable_content_width":"","neve_meta_content_width":0,"neve_meta_title_alignment":"","neve_meta_author_avatar":"","neve_post_elements_order":"","neve_meta_disable_header":"","neve_meta_disable_footer":"","neve_meta_disable_title":"","footnotes":""},"class_list":["post-4199","page","type-page","status-publish","hentry"],"_links":{"self":[{"href":"https:\/\/joyoountu.org\/fr\/wp-json\/wp\/v2\/pages\/4199","targetHints":{"allow":["GET"]}}],"collection":[{"href":"https:\/\/joyoountu.org\/fr\/wp-json\/wp\/v2\/pages"}],"about":[{"href":"https:\/\/joyoountu.org\/fr\/wp-json\/wp\/v2\/types\/page"}],"author":[{"embeddable":true,"href":"https:\/\/joyoountu.org\/fr\/wp-json\/wp\/v2\/users\/1"}],"replies":[{"embeddable":true,"href":"https:\/\/joyoountu.org\/fr\/wp-json\/wp\/v2\/comments?post=4199"}],"version-history":[{"count":4,"href":"https:\/\/joyoountu.org\/fr\/wp-json\/wp\/v2\/pages\/4199\/revisions"}],"predecessor-version":[{"id":4480,"href":"https:\/\/joyoountu.org\/fr\/wp-json\/wp\/v2\/pages\/4199\/revisions\/4480"}],"wp:attachment":[{"href":"https:\/\/joyoountu.org\/fr\/wp-json\/wp\/v2\/media?parent=4199"}],"curies":[{"name":"wp","href":"https:\/\/api.w.org\/{rel}","templated":true}]}}