{"id":4225,"date":"2020-05-13T11:55:31","date_gmt":"2020-05-13T09:55:31","guid":{"rendered":"https:\/\/joyoountu.org\/que\/"},"modified":"2025-06-05T16:41:12","modified_gmt":"2025-06-05T14:41:12","slug":"que","status":"publish","type":"page","link":"https:\/\/joyoountu.org\/es\/","title":{"rendered":"Qu\u00e9"},"content":{"rendered":"\t\t<div data-elementor-type=\"wp-page\" data-elementor-id=\"4225\" class=\"elementor elementor-4225 elementor-1496\" data-elementor-settings=\"[]\">\n\t\t\t<div class=\"elementor-inner\">\n\t\t\t\t<div class=\"elementor-section-wrap\">\n\t\t\t\t\t\t\t<section data-particle_enable=\"false\" class=\"elementor-element elementor-element-6a80170 elementor-section-stretched elementor-section-height-min-height elementor-section-boxed elementor-section-height-default elementor-section-items-middle elementor-section elementor-top-section\" data-id=\"6a80170\" data-element_type=\"section\" data-settings=\"{&quot;background_background&quot;:&quot;classic&quot;,&quot;stretch_section&quot;:&quot;section-stretched&quot;,&quot;shape_divider_bottom&quot;:&quot;opacity-fan&quot;}\">\n\t\t\t\t\t\t\t<div class=\"elementor-background-overlay\"><\/div>\n\t\t\t\t\t\t<div class=\"elementor-shape elementor-shape-bottom\" data-negative=\"false\">\n\t\t\t<svg xmlns=\"http:\/\/www.w3.org\/2000\/svg\" viewBox=\"0 0 283.5 19.6\" preserveAspectRatio=\"none\">\n\t<path class=\"elementor-shape-fill\" style=\"opacity:0.33\" d=\"M0 0L0 18.8 141.8 4.1 283.5 18.8 283.5 0z\"\/>\n\t<path class=\"elementor-shape-fill\" style=\"opacity:0.33\" d=\"M0 0L0 12.6 141.8 4 283.5 12.6 283.5 0z\"\/>\n\t<path class=\"elementor-shape-fill\" style=\"opacity:0.33\" d=\"M0 0L0 6.4 141.8 4 283.5 6.4 283.5 0z\"\/>\n\t<path class=\"elementor-shape-fill\" d=\"M0 0L0 1.2 141.8 4 283.5 1.2 283.5 0z\"\/>\n<\/svg>\t\t<\/div>\n\t\t\t\t\t<div class=\"elementor-container elementor-column-gap-no\">\n\t\t\t\t<div class=\"elementor-row\">\n\t\t\t\t<div class=\"elementor-element elementor-element-bb0c7f0 elementor-hidden-phone elementor-column elementor-col-50 elementor-top-column\" data-id=\"bb0c7f0\" data-element_type=\"column\" data-settings=\"{&quot;background_background&quot;:&quot;classic&quot;}\">\n\t\t\t<div class=\"elementor-column-wrap  elementor-element-populated\">\n\t\t\t\t\t\t\t<div class=\"elementor-background-overlay\"><\/div>\n\t\t\t\t\t<div class=\"elementor-widget-wrap\">\n\t\t\t\t<div class=\"elementor-element elementor-element-1759c7d elementor-widget elementor-widget-spacer\" data-id=\"1759c7d\" data-element_type=\"widget\" data-widget_type=\"spacer.default\">\n\t\t\t\t<div class=\"elementor-widget-container\">\n\t\t\t\t\t<div class=\"elementor-spacer\">\n\t\t\t<div class=\"elementor-spacer-inner\"><\/div>\n\t\t<\/div>\n\t\t\t\t<\/div>\n\t\t\t\t<\/div>\n\t\t\t\t\t\t<\/div>\n\t\t\t<\/div>\n\t\t<\/div>\n\t\t\t\t<div class=\"elementor-element elementor-element-7e6dcc2 elementor-column elementor-col-50 elementor-top-column\" data-id=\"7e6dcc2\" data-element_type=\"column\" data-settings=\"{&quot;background_background&quot;:&quot;classic&quot;}\">\n\t\t\t<div class=\"elementor-column-wrap  elementor-element-populated\">\n\t\t\t\t\t\t\t<div class=\"elementor-background-overlay\"><\/div>\n\t\t\t\t\t<div class=\"elementor-widget-wrap\">\n\t\t\t\t<div class=\"elementor-element elementor-element-dda85dd elementor-widget elementor-widget-spacer\" data-id=\"dda85dd\" data-element_type=\"widget\" data-widget_type=\"spacer.default\">\n\t\t\t\t<div class=\"elementor-widget-container\">\n\t\t\t\t\t<div class=\"elementor-spacer\">\n\t\t\t<div class=\"elementor-spacer-inner\"><\/div>\n\t\t<\/div>\n\t\t\t\t<\/div>\n\t\t\t\t<\/div>\n\t\t\t\t\t\t<\/div>\n\t\t\t<\/div>\n\t\t<\/div>\n\t\t\t\t\t\t<\/div>\n\t\t\t<\/div>\n\t\t<\/section>\n\t\t\t\t<section data-particle_enable=\"false\" class=\"elementor-element elementor-element-3789eb0 elementor-section-boxed elementor-section-height-default elementor-section-height-default elementor-section elementor-top-section\" data-id=\"3789eb0\" data-element_type=\"section\">\n\t\t\t\t\t\t<div class=\"elementor-container elementor-column-gap-default\">\n\t\t\t\t<div class=\"elementor-row\">\n\t\t\t\t<div class=\"elementor-element elementor-element-b1f4838 elementor-hidden-phone elementor-column elementor-col-33 elementor-top-column\" data-id=\"b1f4838\" data-element_type=\"column\" data-settings=\"{&quot;background_background&quot;:&quot;classic&quot;}\">\n\t\t\t<div class=\"elementor-column-wrap  elementor-element-populated\">\n\t\t\t\t\t<div class=\"elementor-widget-wrap\">\n\t\t\t\t<div class=\"elementor-element elementor-element-4f02eda elementor-widget elementor-widget-spacer\" data-id=\"4f02eda\" data-element_type=\"widget\" data-widget_type=\"spacer.default\">\n\t\t\t\t<div class=\"elementor-widget-container\">\n\t\t\t\t\t<div class=\"elementor-spacer\">\n\t\t\t<div class=\"elementor-spacer-inner\"><\/div>\n\t\t<\/div>\n\t\t\t\t<\/div>\n\t\t\t\t<\/div>\n\t\t\t\t\t\t<\/div>\n\t\t\t<\/div>\n\t\t<\/div>\n\t\t\t\t<div class=\"elementor-element elementor-element-3cc5f45 elementor-column elementor-col-33 elementor-top-column\" data-id=\"3cc5f45\" data-element_type=\"column\" data-settings=\"{&quot;background_background&quot;:&quot;classic&quot;}\">\n\t\t\t<div class=\"elementor-column-wrap  elementor-element-populated\">\n\t\t\t\t\t<div class=\"elementor-widget-wrap\">\n\t\t\t\t<div class=\"elementor-element elementor-element-30f40e5 elementor-widget elementor-widget-global elementor-global-1192 elementor-widget-spacer\" data-id=\"30f40e5\" data-element_type=\"widget\" data-widget_type=\"spacer.default\">\n\t\t\t\t<div class=\"elementor-widget-container\">\n\t\t\t\t\t<div class=\"elementor-spacer\">\n\t\t\t<div class=\"elementor-spacer-inner\"><\/div>\n\t\t<\/div>\n\t\t\t\t<\/div>\n\t\t\t\t<\/div>\n\t\t\t\t<div class=\"elementor-element elementor-element-aa21232 elementor-hidden-desktop elementor-hidden-tablet elementor-hidden-phone elementor-widget elementor-widget-heading\" data-id=\"aa21232\" data-element_type=\"widget\" data-widget_type=\"heading.default\">\n\t\t\t\t<div class=\"elementor-widget-container\">\n\t\t\t<span class=\"elementor-heading-title elementor-size-xl\">\u00bfQu\u00e9?<\/span>\t\t<\/div>\n\t\t\t\t<\/div>\n\t\t\t\t<div class=\"elementor-element elementor-element-2860b19 elementor-widget elementor-widget-heading\" data-id=\"2860b19\" data-element_type=\"widget\" data-widget_type=\"heading.default\">\n\t\t\t\t<div class=\"elementor-widget-container\">\n\t\t\t<span class=\"elementor-heading-title elementor-size-xl\"><span><span lang=\"EN-GB\" style=\"\">\u00bfQu\u00e9 es<span style=\"letter-spacing: var(--bodyletterspacing); text-transform: var(--bodytexttransform);\"> joy<\/span><\/span><span lang=\"EN-GB\" style=\"font-size: 46px;letter-spacing: var(--bodyletterspacing);text-transform: var(--bodytexttransform);font-family: Symbol;position:relative;top:4px\">\u221e<\/span><span lang=\"EN-GB\" style=\"letter-spacing: var(--bodyletterspacing); text-transform: var(--bodytexttransform);\">untu?<\/span><\/span><\/span>\t\t<\/div>\n\t\t\t\t<\/div>\n\t\t\t\t<div class=\"elementor-element elementor-element-d89d02a elementor-widget elementor-widget-text-editor\" data-id=\"d89d02a\" data-element_type=\"widget\" data-widget_type=\"text-editor.default\">\n\t\t\t\t<div class=\"elementor-widget-container\">\n\t\t\t\t\t<div class=\"elementor-text-editor elementor-clearfix\"><p>joy\u221euntu es una cooperativa emergente que conecta a comunidades, organizaciones y redes que est\u00e1n trabajando hacia un cambio de sistemas con financiadores dispuestos a acompa\u00f1arlas. Creemos que quienes est\u00e1n m\u00e1s cerca de los desaf\u00edos tambi\u00e9n poseen las claves para lograr un cambio de sistemas a largo plazo, siempre que cuenten con la autonom\u00eda, los recursos y la confianza necesarios para liderar.<\/p><p><b>Nuestro nombre<\/b> une <b>\u201cjoy\u201d (alegr\u00eda) y \u201cubuntu\u201d<\/b>, una filosof\u00eda del sur de \u00c1frica que nos recuerda que el bienestar de cada persona est\u00e1 ligado al bienestar de la comunidad: \u201cYo soy porque nosotros somos\u201d. El s\u00edmbolo de infinito \u221e representa el potencial ilimitado de la acci\u00f3n colectiva cuando se basa en el cuidado de las personas y del planeta.<\/p><\/div>\n\t\t\t\t<\/div>\n\t\t\t\t<\/div>\n\t\t\t\t<div class=\"elementor-element elementor-element-d869ae2 elementor-widget elementor-widget-global elementor-global-1189 elementor-widget-image\" data-id=\"d869ae2\" data-element_type=\"widget\" data-widget_type=\"image.default\">\n\t\t\t\t<div class=\"elementor-widget-container\">\n\t\t\t\t\t<div class=\"elementor-image\">\n\t\t\t\t\t\t\t\t\t\t<img decoding=\"async\" width=\"1014\" height=\"8\" src=\"https:\/\/joyoountu.org\/wp-content\/uploads\/2020\/03\/trenner.png\" class=\"attachment-full size-full\" alt=\"\" srcset=\"https:\/\/joyoountu.org\/wp-content\/uploads\/2020\/03\/trenner.png 1014w, https:\/\/joyoountu.org\/wp-content\/uploads\/2020\/03\/trenner-600x5.png 600w, https:\/\/joyoountu.org\/wp-content\/uploads\/2020\/03\/trenner-300x2.png 300w, https:\/\/joyoountu.org\/wp-content\/uploads\/2020\/03\/trenner-768x6.png 768w, https:\/\/joyoountu.org\/wp-content\/uploads\/2020\/03\/trenner-930x8.png 930w\" sizes=\"(max-width: 1014px) 100vw, 1014px\" \/>\t\t\t\t\t\t\t\t\t\t\t<\/div>\n\t\t\t\t<\/div>\n\t\t\t\t<\/div>\n\t\t\t\t<div class=\"elementor-element elementor-element-7ea9a67 elementor-widget elementor-widget-image\" data-id=\"7ea9a67\" data-element_type=\"widget\" data-widget_type=\"image.default\">\n\t\t\t\t<div class=\"elementor-widget-container\">\n\t\t\t\t\t<div class=\"elementor-image\">\n\t\t\t\t\t\t\t\t\t\t<img decoding=\"async\" width=\"2867\" height=\"1691\" src=\"https:\/\/joyoountu.org\/wp-content\/uploads\/2025\/04\/Logo-spanish.png\" class=\"attachment-full size-full\" alt=\"\" srcset=\"https:\/\/joyoountu.org\/wp-content\/uploads\/2025\/04\/Logo-spanish.png 2867w, https:\/\/joyoountu.org\/wp-content\/uploads\/2025\/04\/Logo-spanish-300x177.png 300w, https:\/\/joyoountu.org\/wp-content\/uploads\/2025\/04\/Logo-spanish-1024x604.png 1024w, https:\/\/joyoountu.org\/wp-content\/uploads\/2025\/04\/Logo-spanish-768x453.png 768w, https:\/\/joyoountu.org\/wp-content\/uploads\/2025\/04\/Logo-spanish-1536x906.png 1536w, https:\/\/joyoountu.org\/wp-content\/uploads\/2025\/04\/Logo-spanish-2048x1208.png 2048w\" sizes=\"(max-width: 2867px) 100vw, 2867px\" \/>\t\t\t\t\t\t\t\t\t\t\t<\/div>\n\t\t\t\t<\/div>\n\t\t\t\t<\/div>\n\t\t\t\t<div class=\"elementor-element elementor-element-0a7e481 elementor-widget elementor-widget-global elementor-global-1189 elementor-widget-image\" data-id=\"0a7e481\" data-element_type=\"widget\" data-widget_type=\"image.default\">\n\t\t\t\t<div class=\"elementor-widget-container\">\n\t\t\t\t\t<div class=\"elementor-image\">\n\t\t\t\t\t\t\t\t\t\t<img decoding=\"async\" width=\"1014\" height=\"8\" src=\"https:\/\/joyoountu.org\/wp-content\/uploads\/2020\/03\/trenner.png\" class=\"attachment-full size-full\" alt=\"\" srcset=\"https:\/\/joyoountu.org\/wp-content\/uploads\/2020\/03\/trenner.png 1014w, https:\/\/joyoountu.org\/wp-content\/uploads\/2020\/03\/trenner-600x5.png 600w, https:\/\/joyoountu.org\/wp-content\/uploads\/2020\/03\/trenner-300x2.png 300w, https:\/\/joyoountu.org\/wp-content\/uploads\/2020\/03\/trenner-768x6.png 768w, https:\/\/joyoountu.org\/wp-content\/uploads\/2020\/03\/trenner-930x8.png 930w\" sizes=\"(max-width: 1014px) 100vw, 1014px\" \/>\t\t\t\t\t\t\t\t\t\t\t<\/div>\n\t\t\t\t<\/div>\n\t\t\t\t<\/div>\n\t\t\t\t<div class=\"elementor-element elementor-element-552874d elementor-widget elementor-widget-text-editor\" data-id=\"552874d\" data-element_type=\"widget\" data-widget_type=\"text-editor.default\">\n\t\t\t\t<div class=\"elementor-widget-container\">\n\t\t\t\t\t<div class=\"elementor-text-editor elementor-clearfix\"><p><b>En joy\u221euntu\u2026<\/b><br \/>Creamos <b>v\u00edas de financiaci\u00f3n basadas en la confianza<\/b>, que permiten que los recursos lleguen directamente a las comunidades.<\/p><p>Facilitamos <b>procesos de asignaci\u00f3n participativa de fondos<\/b>, donde los propios actores locales deciden c\u00f3mo utilizar los recursos.<\/p><p><b>Colaboramos con ecosistemas para la co-creaci\u00f3n y el aprendizaje mutuo<\/b> que impulsan la transformaci\u00f3n sist\u00e9mica.<\/p><p><b>Documentamos y compartimos aprendizajes<\/b> de manera conjunta para inspirar un cambio en las pr\u00e1cticas del desarrollo y la filantrop\u00eda.<\/p><p>Colaboramos a nivel global <b>con una amplia diversidad de organizaciones locales y personas activas en sus comunidades:<\/b> desde juventudes y liderazgos ind\u00edgenas hasta redes tem\u00e1ticas y organizaciones comunitarias.<\/p><\/div>\n\t\t\t\t<\/div>\n\t\t\t\t<\/div>\n\t\t\t\t<div class=\"elementor-element elementor-element-385e61e elementor-hidden-desktop elementor-hidden-tablet elementor-hidden-phone elementor-widget elementor-widget-text-editor\" data-id=\"385e61e\" data-element_type=\"widget\" data-widget_type=\"text-editor.default\">\n\t\t\t\t<div class=\"elementor-widget-container\">\n\t\t\t\t\t<div class=\"elementor-text-editor elementor-clearfix\"><p style=\"text-align: justify;\"><ci id=\"gid_0\">Un poco de nuestra historia \u2013<\/ci> Somos un grupo de idealistas comprometidos con una amplia experiencia en cooperaci\u00f3n para el desarrollo. Hemos estado utilizando enfoques participativos durante m\u00e1s de 15 a\u00f1os para incluir las prioridades de las comunidades en los procesos de toma de decisiones de los actores de la cooperaci\u00f3n para el desarrollo. En nuestro trabajo, nos encontramos con muchas comunidades locales, activistas y organizaciones con grandes ideas y motivaci\u00f3n para impulsar cambios impactantes. Decidimos establecer <ci id=\"gid_1\">joy <ci id=\"gid_2\">\u221e<\/ci>untu <\/ci>    <span style=\"font-size: var(--bodyfontsize); letter-spacing: var(--bodyletterspacing); text-transform: var(--bodytexttransform);\">  a partir de la firme creencia de que estos actores necesitan m\u00e1s capacidad de acci\u00f3n en la cooperaci\u00f3n para el desarrollo. Las interacciones con los l\u00edderes de #ShiftThePower nos confirmaron en nuestra convicci\u00f3n y nos ayudaron a refinar nuestro enfoque para transferir un verdadero poder de decisi\u00f3n a las comunidades. As\u00ed, surgiendo de la firma consultora joyn-coop y motivados por el movimiento #ShiftThePower, establecimos la organizaci\u00f3n sin \u00e1nimo de lucro    <\/span><ci id=\"gid_0\">joy <ci id=\"gid_1\">\u221e<\/ci>untu <\/ci><ci id=\"gid_2\">Foundation.<\/ci><\/p><\/div>\n\t\t\t\t<\/div>\n\t\t\t\t<\/div>\n\t\t\t\t<div class=\"elementor-element elementor-element-1be9fa4 elementor-widget elementor-widget-global elementor-global-1219 elementor-widget-spacer\" data-id=\"1be9fa4\" data-element_type=\"widget\" data-widget_type=\"spacer.default\">\n\t\t\t\t<div class=\"elementor-widget-container\">\n\t\t\t\t\t<div class=\"elementor-spacer\">\n\t\t\t<div class=\"elementor-spacer-inner\"><\/div>\n\t\t<\/div>\n\t\t\t\t<\/div>\n\t\t\t\t<\/div>\n\t\t\t\t\t\t<\/div>\n\t\t\t<\/div>\n\t\t<\/div>\n\t\t\t\t<div class=\"elementor-element elementor-element-5ad59d6 elementor-hidden-phone elementor-column elementor-col-33 elementor-top-column\" data-id=\"5ad59d6\" data-element_type=\"column\" data-settings=\"{&quot;background_background&quot;:&quot;classic&quot;}\">\n\t\t\t<div class=\"elementor-column-wrap  elementor-element-populated\">\n\t\t\t\t\t<div class=\"elementor-widget-wrap\">\n\t\t\t\t<div class=\"elementor-element elementor-element-84e7925 elementor-widget elementor-widget-spacer\" data-id=\"84e7925\" data-element_type=\"widget\" data-widget_type=\"spacer.default\">\n\t\t\t\t<div class=\"elementor-widget-container\">\n\t\t\t\t\t<div class=\"elementor-spacer\">\n\t\t\t<div class=\"elementor-spacer-inner\"><\/div>\n\t\t<\/div>\n\t\t\t\t<\/div>\n\t\t\t\t<\/div>\n\t\t\t\t\t\t<\/div>\n\t\t\t<\/div>\n\t\t<\/div>\n\t\t\t\t\t\t<\/div>\n\t\t\t<\/div>\n\t\t<\/section>\n\t\t\t\t\t\t<\/div>\n\t\t\t<\/div>\n\t\t<\/div>\n\t\t","protected":false},"excerpt":{"rendered":"<p>\u00bfQu\u00e9? \u00bfQu\u00e9 es joy\u221euntu? joy\u221euntu es una cooperativa emergente que conecta a comunidades, organizaciones y redes que est\u00e1n trabajando hacia un cambio de sistemas con financiadores dispuestos a acompa\u00f1arlas. Creemos que quienes est\u00e1n m\u00e1s cerca de los desaf\u00edos tambi\u00e9n poseen las claves para lograr un cambio de sistemas a largo plazo, siempre que cuenten con&hellip;&nbsp;<a href=\"https:\/\/joyoountu.org\/es\/\" rel=\"bookmark\">Leer m\u00e1s &raquo;<span class=\"screen-reader-text\">Qu\u00e9<\/span><\/a><\/p>\n","protected":false},"author":1,"featured_media":0,"parent":0,"menu_order":0,"comment_status":"closed","ping_status":"closed","template":"","meta":{"neve_meta_sidebar":"","neve_meta_container":"","neve_meta_enable_content_width":"","neve_meta_content_width":0,"neve_meta_title_alignment":"","neve_meta_author_avatar":"","neve_post_elements_order":"","neve_meta_disable_header":"","neve_meta_disable_footer":"","neve_meta_disable_title":"","footnotes":""},"class_list":["post-4225","page","type-page","status-publish","hentry"],"_links":{"self":[{"href":"https:\/\/joyoountu.org\/es\/wp-json\/wp\/v2\/pages\/4225","targetHints":{"allow":["GET"]}}],"collection":[{"href":"https:\/\/joyoountu.org\/es\/wp-json\/wp\/v2\/pages"}],"about":[{"href":"https:\/\/joyoountu.org\/es\/wp-json\/wp\/v2\/types\/page"}],"author":[{"embeddable":true,"href":"https:\/\/joyoountu.org\/es\/wp-json\/wp\/v2\/users\/1"}],"replies":[{"embeddable":true,"href":"https:\/\/joyoountu.org\/es\/wp-json\/wp\/v2\/comments?post=4225"}],"version-history":[{"count":7,"href":"https:\/\/joyoountu.org\/es\/wp-json\/wp\/v2\/pages\/4225\/revisions"}],"predecessor-version":[{"id":4559,"href":"https:\/\/joyoountu.org\/es\/wp-json\/wp\/v2\/pages\/4225\/revisions\/4559"}],"wp:attachment":[{"href":"https:\/\/joyoountu.org\/es\/wp-json\/wp\/v2\/media?parent=4225"}],"curies":[{"name":"wp","href":"https:\/\/api.w.org\/{rel}","templated":true}]}}