{"id":4221,"date":"2020-05-07T08:30:52","date_gmt":"2020-05-07T06:30:52","guid":{"rendered":"https:\/\/joyoountu.org\/ahora\/"},"modified":"2025-05-02T09:25:54","modified_gmt":"2025-05-02T07:25:54","slug":"ahora","status":"publish","type":"page","link":"https:\/\/joyoountu.org\/es\/ahora\/","title":{"rendered":"Ahora"},"content":{"rendered":"\t\t<div data-elementor-type=\"wp-page\" data-elementor-id=\"4221\" class=\"elementor elementor-4221 elementor-1411\" data-elementor-settings=\"[]\">\n\t\t\t<div class=\"elementor-inner\">\n\t\t\t\t<div class=\"elementor-section-wrap\">\n\t\t\t\t\t\t\t<section data-particle_enable=\"false\" class=\"elementor-element elementor-element-6a80170 elementor-section-stretched elementor-section-height-min-height elementor-section-boxed elementor-section-height-default elementor-section-items-middle elementor-section elementor-top-section\" data-id=\"6a80170\" data-element_type=\"section\" data-settings=\"{&quot;background_background&quot;:&quot;classic&quot;,&quot;stretch_section&quot;:&quot;section-stretched&quot;,&quot;shape_divider_bottom&quot;:&quot;opacity-fan&quot;}\">\n\t\t\t\t\t\t\t<div class=\"elementor-background-overlay\"><\/div>\n\t\t\t\t\t\t<div class=\"elementor-shape elementor-shape-bottom\" data-negative=\"false\">\n\t\t\t<svg xmlns=\"http:\/\/www.w3.org\/2000\/svg\" viewBox=\"0 0 283.5 19.6\" preserveAspectRatio=\"none\">\n\t<path class=\"elementor-shape-fill\" style=\"opacity:0.33\" d=\"M0 0L0 18.8 141.8 4.1 283.5 18.8 283.5 0z\"\/>\n\t<path class=\"elementor-shape-fill\" style=\"opacity:0.33\" d=\"M0 0L0 12.6 141.8 4 283.5 12.6 283.5 0z\"\/>\n\t<path class=\"elementor-shape-fill\" style=\"opacity:0.33\" d=\"M0 0L0 6.4 141.8 4 283.5 6.4 283.5 0z\"\/>\n\t<path class=\"elementor-shape-fill\" d=\"M0 0L0 1.2 141.8 4 283.5 1.2 283.5 0z\"\/>\n<\/svg>\t\t<\/div>\n\t\t\t\t\t<div class=\"elementor-container elementor-column-gap-no\">\n\t\t\t\t<div class=\"elementor-row\">\n\t\t\t\t<div class=\"elementor-element elementor-element-bb0c7f0 elementor-hidden-phone elementor-column elementor-col-50 elementor-top-column\" data-id=\"bb0c7f0\" data-element_type=\"column\" data-settings=\"{&quot;background_background&quot;:&quot;classic&quot;}\">\n\t\t\t<div class=\"elementor-column-wrap  elementor-element-populated\">\n\t\t\t\t\t\t\t<div class=\"elementor-background-overlay\"><\/div>\n\t\t\t\t\t<div class=\"elementor-widget-wrap\">\n\t\t\t\t<div class=\"elementor-element elementor-element-1759c7d elementor-widget elementor-widget-spacer\" data-id=\"1759c7d\" data-element_type=\"widget\" data-widget_type=\"spacer.default\">\n\t\t\t\t<div class=\"elementor-widget-container\">\n\t\t\t\t\t<div class=\"elementor-spacer\">\n\t\t\t<div class=\"elementor-spacer-inner\"><\/div>\n\t\t<\/div>\n\t\t\t\t<\/div>\n\t\t\t\t<\/div>\n\t\t\t\t\t\t<\/div>\n\t\t\t<\/div>\n\t\t<\/div>\n\t\t\t\t<div class=\"elementor-element elementor-element-7e6dcc2 elementor-column elementor-col-50 elementor-top-column\" data-id=\"7e6dcc2\" data-element_type=\"column\" data-settings=\"{&quot;background_background&quot;:&quot;classic&quot;}\">\n\t\t\t<div class=\"elementor-column-wrap  elementor-element-populated\">\n\t\t\t\t\t\t\t<div class=\"elementor-background-overlay\"><\/div>\n\t\t\t\t\t<div class=\"elementor-widget-wrap\">\n\t\t\t\t<div class=\"elementor-element elementor-element-dda85dd elementor-widget elementor-widget-spacer\" data-id=\"dda85dd\" data-element_type=\"widget\" data-widget_type=\"spacer.default\">\n\t\t\t\t<div class=\"elementor-widget-container\">\n\t\t\t\t\t<div class=\"elementor-spacer\">\n\t\t\t<div class=\"elementor-spacer-inner\"><\/div>\n\t\t<\/div>\n\t\t\t\t<\/div>\n\t\t\t\t<\/div>\n\t\t\t\t\t\t<\/div>\n\t\t\t<\/div>\n\t\t<\/div>\n\t\t\t\t\t\t<\/div>\n\t\t\t<\/div>\n\t\t<\/section>\n\t\t\t\t<section data-particle_enable=\"false\" class=\"elementor-element elementor-element-6733497 elementor-section-boxed elementor-section-height-default elementor-section-height-default elementor-section elementor-top-section\" data-id=\"6733497\" data-element_type=\"section\">\n\t\t\t\t\t\t<div class=\"elementor-container elementor-column-gap-default\">\n\t\t\t\t<div class=\"elementor-row\">\n\t\t\t\t<div class=\"elementor-element elementor-element-a6c4453 elementor-hidden-phone elementor-column elementor-col-33 elementor-top-column\" data-id=\"a6c4453\" data-element_type=\"column\" data-settings=\"{&quot;background_background&quot;:&quot;classic&quot;}\">\n\t\t\t<div class=\"elementor-column-wrap  elementor-element-populated\">\n\t\t\t\t\t<div class=\"elementor-widget-wrap\">\n\t\t\t\t<div class=\"elementor-element elementor-element-e3797e6 elementor-widget elementor-widget-spacer\" data-id=\"e3797e6\" data-element_type=\"widget\" data-widget_type=\"spacer.default\">\n\t\t\t\t<div class=\"elementor-widget-container\">\n\t\t\t\t\t<div class=\"elementor-spacer\">\n\t\t\t<div class=\"elementor-spacer-inner\"><\/div>\n\t\t<\/div>\n\t\t\t\t<\/div>\n\t\t\t\t<\/div>\n\t\t\t\t\t\t<\/div>\n\t\t\t<\/div>\n\t\t<\/div>\n\t\t\t\t<div class=\"elementor-element elementor-element-c79cda8 elementor-column elementor-col-33 elementor-top-column\" data-id=\"c79cda8\" data-element_type=\"column\" data-settings=\"{&quot;background_background&quot;:&quot;classic&quot;}\">\n\t\t\t<div class=\"elementor-column-wrap  elementor-element-populated\">\n\t\t\t\t\t<div class=\"elementor-widget-wrap\">\n\t\t\t\t<div class=\"elementor-element elementor-element-b15f2ae elementor-widget elementor-widget-global elementor-global-1192 elementor-widget-spacer\" data-id=\"b15f2ae\" data-element_type=\"widget\" data-widget_type=\"spacer.default\">\n\t\t\t\t<div class=\"elementor-widget-container\">\n\t\t\t\t\t<div class=\"elementor-spacer\">\n\t\t\t<div class=\"elementor-spacer-inner\"><\/div>\n\t\t<\/div>\n\t\t\t\t<\/div>\n\t\t\t\t<\/div>\n\t\t\t\t<div class=\"elementor-element elementor-element-543beac elementor-hidden-desktop elementor-hidden-tablet elementor-hidden-phone elementor-widget elementor-widget-heading\" data-id=\"543beac\" data-element_type=\"widget\" data-widget_type=\"heading.default\">\n\t\t\t\t<div class=\"elementor-widget-container\">\n\t\t\t<span class=\"elementor-heading-title elementor-size-xl\">\u00a1Ahora!<\/span>\t\t<\/div>\n\t\t\t\t<\/div>\n\t\t\t\t<div class=\"elementor-element elementor-element-3c0dd26 elementor-widget elementor-widget-heading\" data-id=\"3c0dd26\" data-element_type=\"widget\" data-widget_type=\"heading.default\">\n\t\t\t\t<div class=\"elementor-widget-container\">\n\t\t\t<span class=\"elementor-heading-title elementor-size-xl\">\u00a1Ahora s\u00ed! Trabajemos juntos\n<\/span>\t\t<\/div>\n\t\t\t\t<\/div>\n\t\t\t\t<div class=\"elementor-element elementor-element-9d692c9 elementor-widget elementor-widget-text-editor\" data-id=\"9d692c9\" data-element_type=\"widget\" data-widget_type=\"text-editor.default\">\n\t\t\t\t<div class=\"elementor-widget-container\">\n\t\t\t\t\t<div class=\"elementor-text-editor elementor-clearfix\"><p style=\"text-align: justify;\">Al mundo no le faltan ideas \u2014 le faltan alianzas que funcionen para quienes ya est\u00e1n generando transformaci\u00f3n.<br \/><br \/>Si crees en:<br \/>\u2022 La escucha profunda y la colaboraci\u00f3n basada en la confianza<br \/>\u2022 Avanzar hacia una redistribuci\u00f3n del poder a las comunidades<br \/>\u2022 Crear cambios duraderos y sist\u00e9micos<br \/>\u2022 Y construir nuevas formas de financiamiento y cooperaci\u00f3n&#8230;<br \/>\u2026entonces \u00fanete a joy\u221euntu.<br \/><br \/>Ya seas una comunidad, financiador(a), persona activista, facilitadora, aliada de ideas o voluntaria\u2014 joy\u221euntu se alegra de colaborar contigo.<br \/><br \/>Actualmente desarrollamos actividades en m\u00faltiples pa\u00edses y regiones (India, Am\u00e9rica Latina, \u00c1frica Occidental y m\u00e1s), colaborando con ecosistemas en torno a la agroecolog\u00eda, la soberan\u00eda alimentaria, el liderazgo juvenil, y otros temas emergentes.<\/p><\/div>\n\t\t\t\t<\/div>\n\t\t\t\t<\/div>\n\t\t\t\t<div class=\"elementor-element elementor-element-07ae5b6 elementor-widget elementor-widget-text-editor\" data-id=\"07ae5b6\" data-element_type=\"widget\" data-widget_type=\"text-editor.default\">\n\t\t\t\t<div class=\"elementor-widget-container\">\n\t\t\t\t\t<div class=\"elementor-text-editor elementor-clearfix\"><p style=\"text-align: center;\"><strong>Iniciemos una conversaci\u00f3n.<\/strong><br \/><strong>Transformemos la forma en que ocurre el cambio.<\/strong><br \/><strong>Construyamos juntos un futuro alegre e interconectado.<\/strong><\/p><\/div>\n\t\t\t\t<\/div>\n\t\t\t\t<\/div>\n\t\t\t\t<div class=\"elementor-element elementor-element-d8b68bb elementor-widget elementor-widget-global elementor-global-1189 elementor-widget-image\" data-id=\"d8b68bb\" data-element_type=\"widget\" data-widget_type=\"image.default\">\n\t\t\t\t<div class=\"elementor-widget-container\">\n\t\t\t\t\t<div class=\"elementor-image\">\n\t\t\t\t\t\t\t\t\t\t<img decoding=\"async\" width=\"1014\" height=\"8\" src=\"https:\/\/joyoountu.org\/wp-content\/uploads\/2020\/03\/trenner.png\" class=\"attachment-full size-full\" alt=\"\" srcset=\"https:\/\/joyoountu.org\/wp-content\/uploads\/2020\/03\/trenner.png 1014w, https:\/\/joyoountu.org\/wp-content\/uploads\/2020\/03\/trenner-600x5.png 600w, https:\/\/joyoountu.org\/wp-content\/uploads\/2020\/03\/trenner-300x2.png 300w, https:\/\/joyoountu.org\/wp-content\/uploads\/2020\/03\/trenner-768x6.png 768w, https:\/\/joyoountu.org\/wp-content\/uploads\/2020\/03\/trenner-930x8.png 930w\" sizes=\"(max-width: 1014px) 100vw, 1014px\" \/>\t\t\t\t\t\t\t\t\t\t\t<\/div>\n\t\t\t\t<\/div>\n\t\t\t\t<\/div>\n\t\t\t\t<div class=\"elementor-element elementor-element-7ea9a67 elementor-widget elementor-widget-image\" data-id=\"7ea9a67\" data-element_type=\"widget\" data-widget_type=\"image.default\">\n\t\t\t\t<div class=\"elementor-widget-container\">\n\t\t\t\t\t<div class=\"elementor-image\">\n\t\t\t\t\t\t\t\t\t\t<img decoding=\"async\" width=\"1280\" height=\"467\" src=\"https:\/\/joyoountu.org\/wp-content\/uploads\/2024\/10\/India_Chrissi_9362-e1728653152704.jpg\" class=\"attachment-full size-full\" alt=\"\" srcset=\"https:\/\/joyoountu.org\/wp-content\/uploads\/2024\/10\/India_Chrissi_9362-e1728653152704.jpg 1280w, https:\/\/joyoountu.org\/wp-content\/uploads\/2024\/10\/India_Chrissi_9362-e1728653152704-300x109.jpg 300w, https:\/\/joyoountu.org\/wp-content\/uploads\/2024\/10\/India_Chrissi_9362-e1728653152704-1024x374.jpg 1024w, https:\/\/joyoountu.org\/wp-content\/uploads\/2024\/10\/India_Chrissi_9362-e1728653152704-768x280.jpg 768w\" sizes=\"(max-width: 1280px) 100vw, 1280px\" \/>\t\t\t\t\t\t\t\t\t\t\t<\/div>\n\t\t\t\t<\/div>\n\t\t\t\t<\/div>\n\t\t\t\t<div class=\"elementor-element elementor-element-bb57383 elementor-widget elementor-widget-global elementor-global-1189 elementor-widget-image\" data-id=\"bb57383\" data-element_type=\"widget\" data-widget_type=\"image.default\">\n\t\t\t\t<div class=\"elementor-widget-container\">\n\t\t\t\t\t<div class=\"elementor-image\">\n\t\t\t\t\t\t\t\t\t\t<img decoding=\"async\" width=\"1014\" height=\"8\" src=\"https:\/\/joyoountu.org\/wp-content\/uploads\/2020\/03\/trenner.png\" class=\"attachment-full size-full\" alt=\"\" srcset=\"https:\/\/joyoountu.org\/wp-content\/uploads\/2020\/03\/trenner.png 1014w, https:\/\/joyoountu.org\/wp-content\/uploads\/2020\/03\/trenner-600x5.png 600w, https:\/\/joyoountu.org\/wp-content\/uploads\/2020\/03\/trenner-300x2.png 300w, https:\/\/joyoountu.org\/wp-content\/uploads\/2020\/03\/trenner-768x6.png 768w, https:\/\/joyoountu.org\/wp-content\/uploads\/2020\/03\/trenner-930x8.png 930w\" sizes=\"(max-width: 1014px) 100vw, 1014px\" \/>\t\t\t\t\t\t\t\t\t\t\t<\/div>\n\t\t\t\t<\/div>\n\t\t\t\t<\/div>\n\t\t\t\t<div class=\"elementor-element elementor-element-679d02f elementor-widget elementor-widget-text-editor\" data-id=\"679d02f\" data-element_type=\"widget\" data-widget_type=\"text-editor.default\">\n\t\t\t\t<div class=\"elementor-widget-container\">\n\t\t\t\t\t<div class=\"elementor-text-editor elementor-clearfix\"><p><b>\u00bfQu\u00e9 est\u00e1 pasando ahora? S\u00famate a un ecosistema local<\/b><br>Ya estamos colaborando con ecosistemas para el cambio de sistemas en tres regiones. Si vives en o tienes v\u00ednculos con alguna de estas zonas, nos encantar\u00eda saber de ti:<br><br><b>Norte de Togo y Ben\u00edn: Resiliencia y agroecolog\u00eda lideradas por juventudes<br><\/b>En alianza con nuestro compa\u00f1ero Saka Mora, estamos trabajando con un ecosistema enfocado en juventudes en el norte de Togo y Ben\u00edn.<br>El enfoque est\u00e1 en generar alternativas dignas a la migraci\u00f3n, fortaleciendo la agroecolog\u00eda, iniciativas cooperativas y procesos comunitarios de reintegraci\u00f3n. <br>Estamos tejiendo una red de activistas e iniciativas locales para preparar el terreno de nuestras primeras activaciones en el ecosistema. Si vives en Togo o Ben\u00edn y quieres sumarte al movimiento o colaborar\u2014escr\u00edbenos.<\/p>\n<p><b>Guatemala y El Salvador: Juventudes transformando su futuro<br><\/b>Junto a SERES, trabajamos en dos municipios para activar ecosistemas que conectan a j\u00f3venes con sus comunidades, impulsando iniciativas lideradas por juventudes.Este ecosistema se basa en activaci\u00f3n conjunta, asignaci\u00f3n participativa de fondos y aprendizaje transfronterizo. Si trabajas en procesos de transformaci\u00f3n comunitaria en Centroam\u00e9rica \u2014o quieres conectar m\u00e1s all\u00e1 de fronteras\u2014 cont\u00e1ctanos y s\u00famate al ecosistema.<\/p>\n<p><b>Odisha, India: Historia comunitaria y transformaci\u00f3n de sistemas alimentarios<\/b><br>En colaboraci\u00f3n con Samadhwani y WASSAN, trabajamos con la Village History Initiative y la transformaci\u00f3n de sistemas alimentarios, donde juventudes ind\u00edgenas documentan su saber ancestral para dar forma a futuros sistemas alimentarios y procesos de gobernanza local.<br>Este movimiento en expansi\u00f3n se basa en la reactivaci\u00f3n de saberes locales, el pensamiento sist\u00e9mico y el liderazgo juvenil. Si est\u00e1s en Odisha y quieres trabajar con procesos liderados por juventudes de agroecolog\u00eda, documentaci\u00f3n participativa o reactivar saberes ancestrales\u2014s\u00famate a la conversaci\u00f3n.<\/p><\/div>\n\t\t\t\t<\/div>\n\t\t\t\t<\/div>\n\t\t\t\t<div class=\"elementor-element elementor-element-bfbc278 elementor-widget elementor-widget-spacer\" data-id=\"bfbc278\" data-element_type=\"widget\" data-widget_type=\"spacer.default\">\n\t\t\t\t<div class=\"elementor-widget-container\">\n\t\t\t\t\t<div class=\"elementor-spacer\">\n\t\t\t<div class=\"elementor-spacer-inner\"><\/div>\n\t\t<\/div>\n\t\t\t\t<\/div>\n\t\t\t\t<\/div>\n\t\t\t\t\t\t<\/div>\n\t\t\t<\/div>\n\t\t<\/div>\n\t\t\t\t<div class=\"elementor-element elementor-element-d75f1c6 elementor-hidden-phone elementor-column elementor-col-33 elementor-top-column\" data-id=\"d75f1c6\" data-element_type=\"column\" data-settings=\"{&quot;background_background&quot;:&quot;classic&quot;}\">\n\t\t\t<div class=\"elementor-column-wrap  elementor-element-populated\">\n\t\t\t\t\t<div class=\"elementor-widget-wrap\">\n\t\t\t\t<div class=\"elementor-element elementor-element-4da9ec1 elementor-widget elementor-widget-spacer\" data-id=\"4da9ec1\" data-element_type=\"widget\" data-widget_type=\"spacer.default\">\n\t\t\t\t<div class=\"elementor-widget-container\">\n\t\t\t\t\t<div class=\"elementor-spacer\">\n\t\t\t<div class=\"elementor-spacer-inner\"><\/div>\n\t\t<\/div>\n\t\t\t\t<\/div>\n\t\t\t\t<\/div>\n\t\t\t\t\t\t<\/div>\n\t\t\t<\/div>\n\t\t<\/div>\n\t\t\t\t\t\t<\/div>\n\t\t\t<\/div>\n\t\t<\/section>\n\t\t\t\t\t\t<\/div>\n\t\t\t<\/div>\n\t\t<\/div>\n\t\t","protected":false},"excerpt":{"rendered":"<p>\u00a1Ahora! \u00a1Ahora s\u00ed! Trabajemos juntos Al mundo no le faltan ideas \u2014 le faltan alianzas que funcionen para quienes ya est\u00e1n generando transformaci\u00f3n. Si crees en:\u2022 La escucha profunda y la colaboraci\u00f3n basada en la confianza\u2022 Avanzar hacia una redistribuci\u00f3n del poder a las comunidades\u2022 Crear cambios duraderos y sist\u00e9micos\u2022 Y construir nuevas formas de&hellip;&nbsp;<a href=\"https:\/\/joyoountu.org\/es\/ahora\/\" rel=\"bookmark\">Leer m\u00e1s &raquo;<span class=\"screen-reader-text\">Ahora<\/span><\/a><\/p>\n","protected":false},"author":1,"featured_media":0,"parent":0,"menu_order":0,"comment_status":"closed","ping_status":"closed","template":"page-templates\/template-pagebuilder-full-width.php","meta":{"neve_meta_sidebar":"","neve_meta_container":"","neve_meta_enable_content_width":"off","neve_meta_content_width":0,"neve_meta_title_alignment":"","neve_meta_author_avatar":"","neve_post_elements_order":"","neve_meta_disable_header":"","neve_meta_disable_footer":"","neve_meta_disable_title":"","footnotes":""},"class_list":["post-4221","page","type-page","status-publish","hentry"],"_links":{"self":[{"href":"https:\/\/joyoountu.org\/es\/wp-json\/wp\/v2\/pages\/4221","targetHints":{"allow":["GET"]}}],"collection":[{"href":"https:\/\/joyoountu.org\/es\/wp-json\/wp\/v2\/pages"}],"about":[{"href":"https:\/\/joyoountu.org\/es\/wp-json\/wp\/v2\/types\/page"}],"author":[{"embeddable":true,"href":"https:\/\/joyoountu.org\/es\/wp-json\/wp\/v2\/users\/1"}],"replies":[{"embeddable":true,"href":"https:\/\/joyoountu.org\/es\/wp-json\/wp\/v2\/comments?post=4221"}],"version-history":[{"count":3,"href":"https:\/\/joyoountu.org\/es\/wp-json\/wp\/v2\/pages\/4221\/revisions"}],"predecessor-version":[{"id":4489,"href":"https:\/\/joyoountu.org\/es\/wp-json\/wp\/v2\/pages\/4221\/revisions\/4489"}],"wp:attachment":[{"href":"https:\/\/joyoountu.org\/es\/wp-json\/wp\/v2\/media?parent=4221"}],"curies":[{"name":"wp","href":"https:\/\/api.w.org\/{rel}","templated":true}]}}