{"id":4215,"date":"2020-03-27T13:38:07","date_gmt":"2020-03-27T12:38:07","guid":{"rendered":"https:\/\/joyoountu.org\/como\/"},"modified":"2025-05-02T09:26:03","modified_gmt":"2025-05-02T07:26:03","slug":"como","status":"publish","type":"page","link":"https:\/\/joyoountu.org\/es\/como\/","title":{"rendered":"C\u00f3mo"},"content":{"rendered":"\t\t<div data-elementor-type=\"wp-page\" data-elementor-id=\"4215\" class=\"elementor elementor-4215 elementor-606\" data-elementor-settings=\"[]\">\n\t\t\t<div class=\"elementor-inner\">\n\t\t\t\t<div class=\"elementor-section-wrap\">\n\t\t\t\t\t\t\t<section data-particle_enable=\"false\" class=\"elementor-element elementor-element-6a80170 elementor-section-stretched elementor-section-height-min-height elementor-section-boxed elementor-section-height-default elementor-section-items-middle elementor-section elementor-top-section\" data-id=\"6a80170\" data-element_type=\"section\" data-settings=\"{&quot;background_background&quot;:&quot;classic&quot;,&quot;stretch_section&quot;:&quot;section-stretched&quot;,&quot;shape_divider_bottom&quot;:&quot;opacity-fan&quot;}\">\n\t\t\t\t\t\t\t<div class=\"elementor-background-overlay\"><\/div>\n\t\t\t\t\t\t<div class=\"elementor-shape elementor-shape-bottom\" data-negative=\"false\">\n\t\t\t<svg xmlns=\"http:\/\/www.w3.org\/2000\/svg\" viewBox=\"0 0 283.5 19.6\" preserveAspectRatio=\"none\">\n\t<path class=\"elementor-shape-fill\" style=\"opacity:0.33\" d=\"M0 0L0 18.8 141.8 4.1 283.5 18.8 283.5 0z\"\/>\n\t<path class=\"elementor-shape-fill\" style=\"opacity:0.33\" d=\"M0 0L0 12.6 141.8 4 283.5 12.6 283.5 0z\"\/>\n\t<path class=\"elementor-shape-fill\" style=\"opacity:0.33\" d=\"M0 0L0 6.4 141.8 4 283.5 6.4 283.5 0z\"\/>\n\t<path class=\"elementor-shape-fill\" d=\"M0 0L0 1.2 141.8 4 283.5 1.2 283.5 0z\"\/>\n<\/svg>\t\t<\/div>\n\t\t\t\t\t<div class=\"elementor-container elementor-column-gap-no\">\n\t\t\t\t<div class=\"elementor-row\">\n\t\t\t\t<div class=\"elementor-element elementor-element-bb0c7f0 elementor-hidden-phone elementor-column elementor-col-50 elementor-top-column\" data-id=\"bb0c7f0\" data-element_type=\"column\" data-settings=\"{&quot;background_background&quot;:&quot;classic&quot;}\">\n\t\t\t<div class=\"elementor-column-wrap  elementor-element-populated\">\n\t\t\t\t\t\t\t<div class=\"elementor-background-overlay\"><\/div>\n\t\t\t\t\t<div class=\"elementor-widget-wrap\">\n\t\t\t\t<div class=\"elementor-element elementor-element-1759c7d elementor-widget elementor-widget-spacer\" data-id=\"1759c7d\" data-element_type=\"widget\" data-widget_type=\"spacer.default\">\n\t\t\t\t<div class=\"elementor-widget-container\">\n\t\t\t\t\t<div class=\"elementor-spacer\">\n\t\t\t<div class=\"elementor-spacer-inner\"><\/div>\n\t\t<\/div>\n\t\t\t\t<\/div>\n\t\t\t\t<\/div>\n\t\t\t\t\t\t<\/div>\n\t\t\t<\/div>\n\t\t<\/div>\n\t\t\t\t<div class=\"elementor-element elementor-element-7e6dcc2 elementor-column elementor-col-50 elementor-top-column\" data-id=\"7e6dcc2\" data-element_type=\"column\" data-settings=\"{&quot;background_background&quot;:&quot;classic&quot;}\">\n\t\t\t<div class=\"elementor-column-wrap  elementor-element-populated\">\n\t\t\t\t\t\t\t<div class=\"elementor-background-overlay\"><\/div>\n\t\t\t\t\t<div class=\"elementor-widget-wrap\">\n\t\t\t\t<div class=\"elementor-element elementor-element-dda85dd elementor-widget elementor-widget-spacer\" data-id=\"dda85dd\" data-element_type=\"widget\" data-widget_type=\"spacer.default\">\n\t\t\t\t<div class=\"elementor-widget-container\">\n\t\t\t\t\t<div class=\"elementor-spacer\">\n\t\t\t<div class=\"elementor-spacer-inner\"><\/div>\n\t\t<\/div>\n\t\t\t\t<\/div>\n\t\t\t\t<\/div>\n\t\t\t\t\t\t<\/div>\n\t\t\t<\/div>\n\t\t<\/div>\n\t\t\t\t\t\t<\/div>\n\t\t\t<\/div>\n\t\t<\/section>\n\t\t\t\t<section data-particle_enable=\"false\" class=\"elementor-element elementor-element-6733497 elementor-section-boxed elementor-section-height-default elementor-section-height-default elementor-section elementor-top-section\" data-id=\"6733497\" data-element_type=\"section\">\n\t\t\t\t\t\t<div class=\"elementor-container elementor-column-gap-default\">\n\t\t\t\t<div class=\"elementor-row\">\n\t\t\t\t<div class=\"elementor-element elementor-element-a6c4453 elementor-hidden-phone elementor-column elementor-col-33 elementor-top-column\" data-id=\"a6c4453\" data-element_type=\"column\" data-settings=\"{&quot;background_background&quot;:&quot;classic&quot;}\">\n\t\t\t<div class=\"elementor-column-wrap  elementor-element-populated\">\n\t\t\t\t\t<div class=\"elementor-widget-wrap\">\n\t\t\t\t<div class=\"elementor-element elementor-element-e3797e6 elementor-widget elementor-widget-spacer\" data-id=\"e3797e6\" data-element_type=\"widget\" data-widget_type=\"spacer.default\">\n\t\t\t\t<div class=\"elementor-widget-container\">\n\t\t\t\t\t<div class=\"elementor-spacer\">\n\t\t\t<div class=\"elementor-spacer-inner\"><\/div>\n\t\t<\/div>\n\t\t\t\t<\/div>\n\t\t\t\t<\/div>\n\t\t\t\t\t\t<\/div>\n\t\t\t<\/div>\n\t\t<\/div>\n\t\t\t\t<div class=\"elementor-element elementor-element-c79cda8 elementor-column elementor-col-33 elementor-top-column\" data-id=\"c79cda8\" data-element_type=\"column\" data-settings=\"{&quot;background_background&quot;:&quot;classic&quot;}\">\n\t\t\t<div class=\"elementor-column-wrap  elementor-element-populated\">\n\t\t\t\t\t<div class=\"elementor-widget-wrap\">\n\t\t\t\t<div class=\"elementor-element elementor-element-65a8015 elementor-widget elementor-widget-global elementor-global-1192 elementor-widget-spacer\" data-id=\"65a8015\" data-element_type=\"widget\" data-widget_type=\"spacer.default\">\n\t\t\t\t<div class=\"elementor-widget-container\">\n\t\t\t\t\t<div class=\"elementor-spacer\">\n\t\t\t<div class=\"elementor-spacer-inner\"><\/div>\n\t\t<\/div>\n\t\t\t\t<\/div>\n\t\t\t\t<\/div>\n\t\t\t\t<div class=\"elementor-element elementor-element-f3267e6 elementor-hidden-desktop elementor-hidden-tablet elementor-hidden-phone elementor-widget elementor-widget-heading\" data-id=\"f3267e6\" data-element_type=\"widget\" data-widget_type=\"heading.default\">\n\t\t\t\t<div class=\"elementor-widget-container\">\n\t\t\t<span class=\"elementor-heading-title elementor-size-xl\">\u00bfC\u00f3mo?<\/span>\t\t<\/div>\n\t\t\t\t<\/div>\n\t\t\t\t<div class=\"elementor-element elementor-element-a595952 elementor-widget elementor-widget-heading\" data-id=\"a595952\" data-element_type=\"widget\" data-widget_type=\"heading.default\">\n\t\t\t\t<div class=\"elementor-widget-container\">\n\t\t\t<span class=\"elementor-heading-title elementor-size-xl\">\u00bfC\u00f3mo genera cambio nuestro enfoque?\n<\/span>\t\t<\/div>\n\t\t\t\t<\/div>\n\t\t\t\t<div class=\"elementor-element elementor-element-7fc508a elementor-widget elementor-widget-text-editor\" data-id=\"7fc508a\" data-element_type=\"widget\" data-widget_type=\"text-editor.default\">\n\t\t\t\t<div class=\"elementor-widget-container\">\n\t\t\t\t\t<div class=\"elementor-text-editor elementor-clearfix\"><p style=\"text-align: justify;\"><b>joy\u221euntu conecta a comunidades que impulsan el cambio de sistemas con quienes est\u00e1n listas para acompa\u00f1arlas con financiaci\u00f3n.<\/b> Nuestro enfoque se gu\u00eda por una Teor\u00eda del Cambio que vincula la acci\u00f3n liderada por comunidades con la transformaci\u00f3n estructural. Al redistribuir la toma de decisiones, invertir en la colaboraci\u00f3n y reconocer la sabidur\u00eda comunitaria, contribuimos a crear las condiciones necesarias para una transformaci\u00f3n sist\u00e9mica de largo plazo.Los cinco pilares que presentamos a continuaci\u00f3n constituyen la base de este cambio, y conforman un modelo para transformar las relaciones de poder que puede adaptarse a diferentes contextos geogr\u00e1ficos y sectores.<\/p><\/div>\n\t\t\t\t<\/div>\n\t\t\t\t<\/div>\n\t\t\t\t<div class=\"elementor-element elementor-element-11065c2 elementor-widget elementor-widget-text-editor\" data-id=\"11065c2\" data-element_type=\"widget\" data-widget_type=\"text-editor.default\">\n\t\t\t\t<div class=\"elementor-widget-container\">\n\t\t\t\t\t<div class=\"elementor-text-editor elementor-clearfix\"><\/div>\n\t\t\t\t<\/div>\n\t\t\t\t<\/div>\n\t\t\t\t<div class=\"elementor-element elementor-element-5ed52ae elementor-widget elementor-widget-global elementor-global-1189 elementor-widget-image\" data-id=\"5ed52ae\" data-element_type=\"widget\" data-widget_type=\"image.default\">\n\t\t\t\t<div class=\"elementor-widget-container\">\n\t\t\t\t\t<div class=\"elementor-image\">\n\t\t\t\t\t\t\t\t\t\t<img decoding=\"async\" width=\"1014\" height=\"8\" src=\"https:\/\/joyoountu.org\/wp-content\/uploads\/2020\/03\/trenner.png\" class=\"attachment-full size-full\" alt=\"\" srcset=\"https:\/\/joyoountu.org\/wp-content\/uploads\/2020\/03\/trenner.png 1014w, https:\/\/joyoountu.org\/wp-content\/uploads\/2020\/03\/trenner-600x5.png 600w, https:\/\/joyoountu.org\/wp-content\/uploads\/2020\/03\/trenner-300x2.png 300w, https:\/\/joyoountu.org\/wp-content\/uploads\/2020\/03\/trenner-768x6.png 768w, https:\/\/joyoountu.org\/wp-content\/uploads\/2020\/03\/trenner-930x8.png 930w\" sizes=\"(max-width: 1014px) 100vw, 1014px\" \/>\t\t\t\t\t\t\t\t\t\t\t<\/div>\n\t\t\t\t<\/div>\n\t\t\t\t<\/div>\n\t\t\t\t<div class=\"elementor-element elementor-element-7ea9a67 elementor-widget elementor-widget-image\" data-id=\"7ea9a67\" data-element_type=\"widget\" data-widget_type=\"image.default\">\n\t\t\t\t<div class=\"elementor-widget-container\">\n\t\t\t\t\t<div class=\"elementor-image\">\n\t\t\t\t\t\t\t\t\t\t<img decoding=\"async\" width=\"2867\" height=\"1691\" src=\"https:\/\/joyoountu.org\/wp-content\/uploads\/2025\/04\/beehive-spanish.png\" class=\"attachment-full size-full\" alt=\"\" srcset=\"https:\/\/joyoountu.org\/wp-content\/uploads\/2025\/04\/beehive-spanish.png 2867w, https:\/\/joyoountu.org\/wp-content\/uploads\/2025\/04\/beehive-spanish-300x177.png 300w, https:\/\/joyoountu.org\/wp-content\/uploads\/2025\/04\/beehive-spanish-1024x604.png 1024w, https:\/\/joyoountu.org\/wp-content\/uploads\/2025\/04\/beehive-spanish-768x453.png 768w, https:\/\/joyoountu.org\/wp-content\/uploads\/2025\/04\/beehive-spanish-1536x906.png 1536w, https:\/\/joyoountu.org\/wp-content\/uploads\/2025\/04\/beehive-spanish-2048x1208.png 2048w\" sizes=\"(max-width: 2867px) 100vw, 2867px\" \/>\t\t\t\t\t\t\t\t\t\t\t<\/div>\n\t\t\t\t<\/div>\n\t\t\t\t<\/div>\n\t\t\t\t<div class=\"elementor-element elementor-element-e4f4e8b elementor-widget elementor-widget-global elementor-global-1189 elementor-widget-image\" data-id=\"e4f4e8b\" data-element_type=\"widget\" data-widget_type=\"image.default\">\n\t\t\t\t<div class=\"elementor-widget-container\">\n\t\t\t\t\t<div class=\"elementor-image\">\n\t\t\t\t\t\t\t\t\t\t<img decoding=\"async\" width=\"1014\" height=\"8\" src=\"https:\/\/joyoountu.org\/wp-content\/uploads\/2020\/03\/trenner.png\" class=\"attachment-full size-full\" alt=\"\" srcset=\"https:\/\/joyoountu.org\/wp-content\/uploads\/2020\/03\/trenner.png 1014w, https:\/\/joyoountu.org\/wp-content\/uploads\/2020\/03\/trenner-600x5.png 600w, https:\/\/joyoountu.org\/wp-content\/uploads\/2020\/03\/trenner-300x2.png 300w, https:\/\/joyoountu.org\/wp-content\/uploads\/2020\/03\/trenner-768x6.png 768w, https:\/\/joyoountu.org\/wp-content\/uploads\/2020\/03\/trenner-930x8.png 930w\" sizes=\"(max-width: 1014px) 100vw, 1014px\" \/>\t\t\t\t\t\t\t\t\t\t\t<\/div>\n\t\t\t\t<\/div>\n\t\t\t\t<\/div>\n\t\t\t\t<div class=\"elementor-element elementor-element-e0acf2f elementor-hidden-desktop elementor-hidden-tablet elementor-hidden-phone elementor-widget elementor-widget-spacer\" data-id=\"e0acf2f\" data-element_type=\"widget\" data-widget_type=\"spacer.default\">\n\t\t\t\t<div class=\"elementor-widget-container\">\n\t\t\t\t\t<div class=\"elementor-spacer\">\n\t\t\t<div class=\"elementor-spacer-inner\"><\/div>\n\t\t<\/div>\n\t\t\t\t<\/div>\n\t\t\t\t<\/div>\n\t\t\t\t<div class=\"elementor-element elementor-element-102676a elementor-widget elementor-widget-text-editor\" data-id=\"102676a\" data-element_type=\"widget\" data-widget_type=\"text-editor.default\">\n\t\t\t\t<div class=\"elementor-widget-container\">\n\t\t\t\t\t<div class=\"elementor-text-editor elementor-clearfix\"><p><b>Trabajar con los ecosistemas: Colaboraci\u00f3n para el cambio de sistemas<\/b><br \/>Reunimos a diversos actores locales \u2014organizadores comunitarios, juventudes, personas mayores, sociedad civil, sector privado e instituciones\u2014 para co-crear soluciones arraigadas en sus propias realidades. A trav\u00e9s de metodolog\u00edas participativas y el fortalecimiento de la confianza, acompa\u00f1amos la identificaci\u00f3n de desaf\u00edos, el mapeo de din\u00e1micas de poder y la construcci\u00f3n de coaliciones duraderas.<br \/><br \/><b>Asignaci\u00f3n Participativa de Fondos: Cambiar el poder de decisi\u00f3n<\/b><br \/>Facilitamos procesos de financiaci\u00f3n en los que los actores locales definen prioridades y distribuyen los recursos \u2014eliminando burocracia innecesaria y redistribuyendo el poder de decisi\u00f3n hacia organizaciones locales y activistas mejor situados para liderar. Como fundaci\u00f3n regrantora, aseguramos el cumplimiento legal sin perder la agilidad ni el enfoque comunitario.<br \/><br \/><b>Desarrollo del liderazgo participativo: Habilidades para el cambio de sistemas<br \/><\/b>Colaboramos con los actores locales en su fortalecimiento \u2014no imponiendo herramientas, sino caminando a su lado. A trav\u00e9s de laboratorios de co-creaci\u00f3n, aprendizaje entre pares y mentor\u00edas, colaboramos para el liderazgo individual y desarrollo organizacional, especialmente entre juventudes, mujeres y grupos hist\u00f3ricamente subrepresentados.<br \/><br \/><b>Aprendizaje participativo e intercambio de saberes: Entender lo que funciona<br \/><\/b>Cada ecosistema genera aprendizajes valiosos. Colaboramos con las comunidades en la documentaci\u00f3n de sus conocimientos mediante m\u00e9todos participativos y en sus propios idiomas. Co-creamos productos de conocimiento que pertenecen a quienes vivieron la experiencia, y que se comparten de manera que inspiren a otras personas y contextos.<br \/><br \/><b>Co-Construcci\u00f3n del movimiento: Difundir nuevas formas de trabajar<br \/><\/b>joy\u221euntu no busca escalar una organizaci\u00f3n, sino fortalecer un movimiento. Conectamos voces locales en espacios globales, promovemos pr\u00e1cticas orientadas a la redistribuci\u00f3n del poder en el sector y colaboramos con personas activas en sus comunidades para que se conviertan en referentes, mentoras y co-formadoras en otras regiones.<\/p><\/div>\n\t\t\t\t<\/div>\n\t\t\t\t<\/div>\n\t\t\t\t\t\t<\/div>\n\t\t\t<\/div>\n\t\t<\/div>\n\t\t\t\t<div class=\"elementor-element elementor-element-d75f1c6 elementor-hidden-phone elementor-column elementor-col-33 elementor-top-column\" data-id=\"d75f1c6\" data-element_type=\"column\" data-settings=\"{&quot;background_background&quot;:&quot;classic&quot;}\">\n\t\t\t<div class=\"elementor-column-wrap  elementor-element-populated\">\n\t\t\t\t\t<div class=\"elementor-widget-wrap\">\n\t\t\t\t<div class=\"elementor-element elementor-element-4da9ec1 elementor-widget elementor-widget-spacer\" data-id=\"4da9ec1\" data-element_type=\"widget\" data-widget_type=\"spacer.default\">\n\t\t\t\t<div class=\"elementor-widget-container\">\n\t\t\t\t\t<div class=\"elementor-spacer\">\n\t\t\t<div class=\"elementor-spacer-inner\"><\/div>\n\t\t<\/div>\n\t\t\t\t<\/div>\n\t\t\t\t<\/div>\n\t\t\t\t<div class=\"elementor-element elementor-element-c7dfef7 elementor-widget elementor-widget-global elementor-global-1181 elementor-widget-spacer\" data-id=\"c7dfef7\" data-element_type=\"widget\" data-widget_type=\"spacer.default\">\n\t\t\t\t<div class=\"elementor-widget-container\">\n\t\t\t\t\t<div class=\"elementor-spacer\">\n\t\t\t<div class=\"elementor-spacer-inner\"><\/div>\n\t\t<\/div>\n\t\t\t\t<\/div>\n\t\t\t\t<\/div>\n\t\t\t\t\t\t<\/div>\n\t\t\t<\/div>\n\t\t<\/div>\n\t\t\t\t\t\t<\/div>\n\t\t\t<\/div>\n\t\t<\/section>\n\t\t\t\t\t\t<\/div>\n\t\t\t<\/div>\n\t\t<\/div>\n\t\t","protected":false},"excerpt":{"rendered":"<p>\u00bfC\u00f3mo? \u00bfC\u00f3mo genera cambio nuestro enfoque? joy\u221euntu conecta a comunidades que impulsan el cambio de sistemas con quienes est\u00e1n listas para acompa\u00f1arlas con financiaci\u00f3n. Nuestro enfoque se gu\u00eda por una Teor\u00eda del Cambio que vincula la acci\u00f3n liderada por comunidades con la transformaci\u00f3n estructural. Al redistribuir la toma de decisiones, invertir en la colaboraci\u00f3n y&hellip;&nbsp;<a href=\"https:\/\/joyoountu.org\/es\/como\/\" rel=\"bookmark\">Leer m\u00e1s &raquo;<span class=\"screen-reader-text\">C\u00f3mo<\/span><\/a><\/p>\n","protected":false},"author":1,"featured_media":0,"parent":0,"menu_order":0,"comment_status":"closed","ping_status":"closed","template":"page-templates\/template-pagebuilder-full-width.php","meta":{"neve_meta_sidebar":"","neve_meta_container":"","neve_meta_enable_content_width":"","neve_meta_content_width":0,"neve_meta_title_alignment":"","neve_meta_author_avatar":"","neve_post_elements_order":"","neve_meta_disable_header":"","neve_meta_disable_footer":"","neve_meta_disable_title":"","footnotes":""},"class_list":["post-4215","page","type-page","status-publish","hentry"],"_links":{"self":[{"href":"https:\/\/joyoountu.org\/es\/wp-json\/wp\/v2\/pages\/4215","targetHints":{"allow":["GET"]}}],"collection":[{"href":"https:\/\/joyoountu.org\/es\/wp-json\/wp\/v2\/pages"}],"about":[{"href":"https:\/\/joyoountu.org\/es\/wp-json\/wp\/v2\/types\/page"}],"author":[{"embeddable":true,"href":"https:\/\/joyoountu.org\/es\/wp-json\/wp\/v2\/users\/1"}],"replies":[{"embeddable":true,"href":"https:\/\/joyoountu.org\/es\/wp-json\/wp\/v2\/comments?post=4215"}],"version-history":[{"count":4,"href":"https:\/\/joyoountu.org\/es\/wp-json\/wp\/v2\/pages\/4215\/revisions"}],"predecessor-version":[{"id":4492,"href":"https:\/\/joyoountu.org\/es\/wp-json\/wp\/v2\/pages\/4215\/revisions\/4492"}],"wp:attachment":[{"href":"https:\/\/joyoountu.org\/es\/wp-json\/wp\/v2\/media?parent=4215"}],"curies":[{"name":"wp","href":"https:\/\/api.w.org\/{rel}","templated":true}]}}